{"id":5406,"date":"2021-12-09T14:05:35","date_gmt":"2021-12-09T14:05:35","guid":{"rendered":"http:\/\/ersoy-ersoy.av.tr\/?page_id=5406"},"modified":"2021-12-14T06:03:59","modified_gmt":"2021-12-14T06:03:59","slug":"contact","status":"publish","type":"page","link":"https:\/\/ersoy-ersoy.av.tr\/en\/contact\/","title":{"rendered":"Contact"},"content":{"rendered":"\t\t<div data-elementor-type=\"wp-post\" data-elementor-id=\"5406\" class=\"elementor elementor-5406 elementor-224\">\n\t\t\t\t\t\t\t\t\t<section class=\"elementor-section elementor-top-section elementor-element elementor-element-2368d93 elementor-section-stretched elementor-section-full_width elementor-section-height-min-height elementor-section-height-default elementor-section-items-middle\" data-id=\"2368d93\" data-element_type=\"section\" data-settings=\"{&quot;stretch_section&quot;:&quot;section-stretched&quot;,&quot;background_background&quot;:&quot;classic&quot;}\">\n\t\t\t\t\t\t\t<div class=\"elementor-background-overlay\"><\/div>\n\t\t\t\t\t\t\t<div class=\"elementor-container elementor-column-gap-default\">\n\t\t\t\t\t<div class=\"elementor-column elementor-col-100 elementor-top-column elementor-element elementor-element-52ec915\" data-id=\"52ec915\" data-element_type=\"column\">\n\t\t\t<div class=\"elementor-widget-wrap elementor-element-populated\">\n\t\t\t\t\t\t\t\t<div class=\"elementor-element elementor-element-9bf1b3d elementor-widget elementor-widget-heading\" data-id=\"9bf1b3d\" data-element_type=\"widget\" data-widget_type=\"heading.default\">\n\t\t\t\t<div class=\"elementor-widget-container\">\n\t\t\t<h1 class=\"elementor-heading-title elementor-size-default\">CONTACT<\/h1>\t\t<\/div>\n\t\t\t\t<\/div>\n\t\t\t\t\t<\/div>\n\t\t<\/div>\n\t\t\t\t\t\t\t<\/div>\n\t\t<\/section>\n\t\t\t\t<section class=\"elementor-section elementor-top-section elementor-element elementor-element-e8ea46f elementor-section-boxed elementor-section-height-default elementor-section-height-default\" data-id=\"e8ea46f\" data-element_type=\"section\" data-settings=\"{&quot;background_background&quot;:&quot;classic&quot;}\">\n\t\t\t\t\t\t\t<div class=\"elementor-background-overlay\"><\/div>\n\t\t\t\t\t\t\t<div class=\"elementor-container elementor-column-gap-default\">\n\t\t\t\t\t<div class=\"elementor-column elementor-col-100 elementor-top-column elementor-element elementor-element-7050f7d\" data-id=\"7050f7d\" data-element_type=\"column\">\n\t\t\t<div class=\"elementor-widget-wrap elementor-element-populated\">\n\t\t\t\t\t\t\t\t<section class=\"elementor-section elementor-inner-section elementor-element elementor-element-7e8447c elementor-section-boxed elementor-section-height-default elementor-section-height-default\" data-id=\"7e8447c\" data-element_type=\"section\">\n\t\t\t\t\t\t<div class=\"elementor-container elementor-column-gap-default\">\n\t\t\t\t\t<div class=\"elementor-column elementor-col-100 elementor-inner-column elementor-element elementor-element-59c474a\" data-id=\"59c474a\" data-element_type=\"column\">\n\t\t\t<div class=\"elementor-widget-wrap elementor-element-populated\">\n\t\t\t\t\t\t\t\t<div class=\"elementor-element elementor-element-4827184 sentence elementor-widget elementor-widget-heading\" data-id=\"4827184\" data-element_type=\"widget\" data-widget_type=\"heading.default\">\n\t\t\t\t<div class=\"elementor-widget-container\">\n\t\t\t<h3 class=\"elementor-heading-title elementor-size-default\">CONTACT US<\/h3>\t\t<\/div>\n\t\t\t\t<\/div>\n\t\t\t\t\t<\/div>\n\t\t<\/div>\n\t\t\t\t\t\t\t<\/div>\n\t\t<\/section>\n\t\t\t\t<section class=\"elementor-section elementor-inner-section elementor-element elementor-element-440f9a7 elementor-section-boxed elementor-section-height-default elementor-section-height-default\" data-id=\"440f9a7\" data-element_type=\"section\">\n\t\t\t\t\t\t<div class=\"elementor-container elementor-column-gap-no\">\n\t\t\t\t\t<div class=\"elementor-column elementor-col-33 elementor-inner-column elementor-element elementor-element-72025ef\" data-id=\"72025ef\" data-element_type=\"column\" data-settings=\"{&quot;background_background&quot;:&quot;classic&quot;}\">\n\t\t\t<div class=\"elementor-widget-wrap elementor-element-populated\">\n\t\t\t\t\t\t\t\t<div class=\"elementor-element elementor-element-b088b50 elementor-view-default elementor-widget elementor-widget-icon\" data-id=\"b088b50\" data-element_type=\"widget\" data-widget_type=\"icon.default\">\n\t\t\t\t<div class=\"elementor-widget-container\">\n\t\t\t\t\t<div class=\"elementor-icon-wrapper\">\n\t\t\t<div class=\"elementor-icon\">\n\t\t\t<i aria-hidden=\"true\" class=\"fas fa-mobile-alt\"><\/i>\t\t\t<\/div>\n\t\t<\/div>\n\t\t\t\t<\/div>\n\t\t\t\t<\/div>\n\t\t\t\t<div class=\"elementor-element elementor-element-f1508a6 elementor-widget elementor-widget-heading\" data-id=\"f1508a6\" data-element_type=\"widget\" data-widget_type=\"heading.default\">\n\t\t\t\t<div class=\"elementor-widget-container\">\n\t\t\t<h2 class=\"elementor-heading-title elementor-size-default\">Phone<\/h2>\t\t<\/div>\n\t\t\t\t<\/div>\n\t\t\t\t<div class=\"elementor-element elementor-element-50e5ca2 elementor-widget elementor-widget-heading\" data-id=\"50e5ca2\" data-element_type=\"widget\" data-widget_type=\"heading.default\">\n\t\t\t\t<div class=\"elementor-widget-container\">\n\t\t\t<h2 class=\"elementor-heading-title elementor-size-default\">T. +90 312 491 82 82 <br>\nF. +90 312 491 82 83<\/h2>\t\t<\/div>\n\t\t\t\t<\/div>\n\t\t\t\t\t<\/div>\n\t\t<\/div>\n\t\t\t\t<div class=\"elementor-column elementor-col-33 elementor-inner-column elementor-element elementor-element-9a771e7\" data-id=\"9a771e7\" data-element_type=\"column\" data-settings=\"{&quot;background_background&quot;:&quot;classic&quot;}\">\n\t\t\t<div class=\"elementor-widget-wrap elementor-element-populated\">\n\t\t\t\t\t\t\t\t<div class=\"elementor-element elementor-element-4598071 elementor-view-default elementor-widget elementor-widget-icon\" data-id=\"4598071\" data-element_type=\"widget\" data-widget_type=\"icon.default\">\n\t\t\t\t<div class=\"elementor-widget-container\">\n\t\t\t\t\t<div class=\"elementor-icon-wrapper\">\n\t\t\t<div class=\"elementor-icon\">\n\t\t\t<i aria-hidden=\"true\" class=\"far fa-envelope-open\"><\/i>\t\t\t<\/div>\n\t\t<\/div>\n\t\t\t\t<\/div>\n\t\t\t\t<\/div>\n\t\t\t\t<div class=\"elementor-element elementor-element-6c446d6 elementor-widget elementor-widget-heading\" data-id=\"6c446d6\" data-element_type=\"widget\" data-widget_type=\"heading.default\">\n\t\t\t\t<div class=\"elementor-widget-container\">\n\t\t\t<h2 class=\"elementor-heading-title elementor-size-default\">E-mail<\/h2>\t\t<\/div>\n\t\t\t\t<\/div>\n\t\t\t\t<div class=\"elementor-element elementor-element-d225bdf elementor-widget elementor-widget-heading\" data-id=\"d225bdf\" data-element_type=\"widget\" data-widget_type=\"heading.default\">\n\t\t\t\t<div class=\"elementor-widget-container\">\n\t\t\t<h2 class=\"elementor-heading-title elementor-size-default\">gersoy@ersoy-ersoy.av.tr <br>\ninfo@ersoy-ersoy.av.tr<\/h2>\t\t<\/div>\n\t\t\t\t<\/div>\n\t\t\t\t\t<\/div>\n\t\t<\/div>\n\t\t\t\t<div class=\"elementor-column elementor-col-33 elementor-inner-column elementor-element elementor-element-7fcbc58\" data-id=\"7fcbc58\" data-element_type=\"column\" data-settings=\"{&quot;background_background&quot;:&quot;classic&quot;}\">\n\t\t\t<div class=\"elementor-widget-wrap elementor-element-populated\">\n\t\t\t\t\t\t\t\t<div class=\"elementor-element elementor-element-85bf385 elementor-view-default elementor-widget elementor-widget-icon\" data-id=\"85bf385\" data-element_type=\"widget\" data-widget_type=\"icon.default\">\n\t\t\t\t<div class=\"elementor-widget-container\">\n\t\t\t\t\t<div class=\"elementor-icon-wrapper\">\n\t\t\t<div class=\"elementor-icon\">\n\t\t\t<i aria-hidden=\"true\" class=\"far fa-map\"><\/i>\t\t\t<\/div>\n\t\t<\/div>\n\t\t\t\t<\/div>\n\t\t\t\t<\/div>\n\t\t\t\t<div class=\"elementor-element elementor-element-6d9fc92 elementor-widget elementor-widget-heading\" data-id=\"6d9fc92\" data-element_type=\"widget\" data-widget_type=\"heading.default\">\n\t\t\t\t<div class=\"elementor-widget-container\">\n\t\t\t<h2 class=\"elementor-heading-title elementor-size-default\">Address<\/h2>\t\t<\/div>\n\t\t\t\t<\/div>\n\t\t\t\t<div class=\"elementor-element elementor-element-df3c7e6 elementor-widget elementor-widget-heading\" data-id=\"df3c7e6\" data-element_type=\"widget\" data-widget_type=\"heading.default\">\n\t\t\t\t<div class=\"elementor-widget-container\">\n\t\t\t<h2 class=\"elementor-heading-title elementor-size-default\">\u0130lkbahar Mah. 612. Cd. No.11 <br>\u00c7ankaya 06550 Ankara <\/h2>\t\t<\/div>\n\t\t\t\t<\/div>\n\t\t\t\t\t<\/div>\n\t\t<\/div>\n\t\t\t\t\t\t\t<\/div>\n\t\t<\/section>\n\t\t\t\t<section class=\"elementor-section elementor-inner-section elementor-element elementor-element-c3f51ae elementor-section-boxed elementor-section-height-default elementor-section-height-default\" data-id=\"c3f51ae\" data-element_type=\"section\">\n\t\t\t\t\t\t<div class=\"elementor-container elementor-column-gap-no\">\n\t\t\t\t\t<div class=\"elementor-column elementor-col-50 elementor-inner-column elementor-element elementor-element-2a82706\" data-id=\"2a82706\" data-element_type=\"column\" data-settings=\"{&quot;background_background&quot;:&quot;classic&quot;}\">\n\t\t\t<div class=\"elementor-widget-wrap elementor-element-populated\">\n\t\t\t\t\t\t\t\t<div class=\"elementor-element elementor-element-2a27f18 cont elementor-widget elementor-widget-bim-contact\" data-id=\"2a27f18\" data-element_type=\"widget\" data-settings=\"{&quot;_animation&quot;:&quot;none&quot;}\" data-widget_type=\"bim-contact.default\">\n\t\t\t\t<div class=\"elementor-widget-container\">\n\t\t\t\t\t<div class=\"bim-contact-shortcode contact-style2 \"><div role=\"form\" class=\"wpcf7\" id=\"wpcf7-f5259-o1\" lang=\"en-US\" dir=\"ltr\">\n<div class=\"screen-reader-response\"><p role=\"status\" aria-live=\"polite\" aria-atomic=\"true\"><\/p> <ul><\/ul><\/div>\n<form action=\"\/en\/wp-json\/wp\/v2\/pages\/5406#wpcf7-f5259-o1\" method=\"post\" class=\"wpcf7-form init\" novalidate=\"novalidate\" data-status=\"init\">\n<div style=\"display: none;\">\n<input type=\"hidden\" name=\"_wpcf7\" value=\"5259\" \/>\n<input type=\"hidden\" name=\"_wpcf7_version\" value=\"5.6.4\" \/>\n<input type=\"hidden\" name=\"_wpcf7_locale\" value=\"en_US\" \/>\n<input type=\"hidden\" name=\"_wpcf7_unit_tag\" value=\"wpcf7-f5259-o1\" \/>\n<input type=\"hidden\" name=\"_wpcf7_container_post\" value=\"0\" \/>\n<input type=\"hidden\" name=\"_wpcf7_posted_data_hash\" value=\"\" \/>\n<\/div>\n<p><span class=\"wpcf7-form-control-wrap\" data-name=\"your-name\"><input type=\"text\" name=\"your-name\" value=\"\" size=\"40\" class=\"wpcf7-form-control wpcf7-text wpcf7-validates-as-required\" aria-required=\"true\" aria-invalid=\"false\" placeholder=\"Name Surname...\" \/><\/span><br \/>\n    <span class=\"wpcf7-form-control-wrap\" data-name=\"cell-phone\"><input type=\"text\" name=\"cell-phone\" value=\"\" size=\"40\" class=\"wpcf7-form-control wpcf7-text wpcf7-validates-as-required\" aria-required=\"true\" aria-invalid=\"false\" placeholder=\"Phone...\" \/><\/span><\/p>\n<p>    <span class=\"wpcf7-form-control-wrap\" data-name=\"your-email\"><input type=\"email\" name=\"your-email\" value=\"\" size=\"40\" class=\"wpcf7-form-control wpcf7-text wpcf7-email wpcf7-validates-as-required wpcf7-validates-as-email\" aria-required=\"true\" aria-invalid=\"false\" placeholder=\"E-mail...\" \/><\/span><br \/>\n    <span class=\"wpcf7-form-control-wrap\" data-name=\"subject\"><input type=\"text\" name=\"subject\" value=\"\" size=\"40\" class=\"wpcf7-form-control wpcf7-text\" aria-invalid=\"false\" placeholder=\"Company...\" \/><\/span><\/p>\n<p>    <span class=\"wpcf7-form-control-wrap\" data-name=\"your-message\"><textarea name=\"your-message\" cols=\"40\" rows=\"10\" class=\"wpcf7-form-control wpcf7-textarea\" aria-invalid=\"false\" placeholder=\"Messages\"><\/textarea><\/span><\/p>\n<p>    <input type=\"submit\" value=\"Send\" class=\"wpcf7-form-control has-spinner wpcf7-submit\" \/><\/p>\n<div class=\"wpcf7-response-output\" aria-hidden=\"true\"><\/div><\/form><\/div><\/div>\r\n\t\t\t\t<\/div>\n\t\t\t\t<\/div>\n\t\t\t\t\t<\/div>\n\t\t<\/div>\n\t\t\t\t<div class=\"elementor-column elementor-col-50 elementor-inner-column elementor-element elementor-element-08d6e61\" data-id=\"08d6e61\" data-element_type=\"column\" data-settings=\"{&quot;background_background&quot;:&quot;classic&quot;}\">\n\t\t\t<div class=\"elementor-widget-wrap elementor-element-populated\">\n\t\t\t\t\t\t\t\t<div class=\"elementor-element elementor-element-a62aa90 map-default elementor-widget elementor-widget-google_maps\" data-id=\"a62aa90\" data-element_type=\"widget\" data-widget_type=\"google_maps.default\">\n\t\t\t\t<div class=\"elementor-widget-container\">\n\t\t\t\t\t<div class=\"elementor-custom-embed\">\n\t\t\t<iframe \n\t\t\t\t\tsrc=\"https:\/\/maps.google.com\/maps?q=%C4%B0lkbahar%20Mahallesi%20612.%20cadde%20No%3A11%20%C3%87ankaya%20Ankara&#038;t=m&#038;z=14&#038;output=embed&#038;iwloc=near\"\n\t\t\t\t\ttitle=\"\u0130lkbahar Mahallesi 612. cadde No:11 \u00c7ankaya Ankara\"\n\t\t\t\t\taria-label=\"\u0130lkbahar Mahallesi 612. cadde No:11 \u00c7ankaya Ankara\"\n\t\t\t><\/iframe>\n\t\t<\/div>\n\t\t\t\t<\/div>\n\t\t\t\t<\/div>\n\t\t\t\t\t<\/div>\n\t\t<\/div>\n\t\t\t\t\t\t\t<\/div>\n\t\t<\/section>\n\t\t\t\t\t<\/div>\n\t\t<\/div>\n\t\t\t\t\t\t\t<\/div>\n\t\t<\/section>\n\t\t\t\t\t\t\t<\/div>\n\t\t","protected":false},"excerpt":{"rendered":"<p>CONTACT CONTACT US Phone T. +90 312 491 82 82 F. +90 312 491 82 83 E-mail gersoy@ersoy-ersoy.av.tr info@ersoy-ersoy.av.tr Address \u0130lkbahar Mah. 612. Cd. No.11 \u00c7ankaya 06550 Ankara<\/p>\n","protected":false},"author":1,"featured_media":0,"parent":0,"menu_order":0,"comment_status":"closed","ping_status":"closed","template":"blank-builder.php","meta":[],"yoast_head":"<!-- This site is optimized with the Yoast SEO Premium plugin v16.9 (Yoast SEO v19.9) - https:\/\/yoast.com\/wordpress\/plugins\/seo\/ -->\n<title>Contact | Ersoy Hukuk B\u00fcrosu<\/title>\n<meta name=\"description\" content=\"Ersoy Hukuk B\u00fcrosu, T\u00fcrkiye\u2019de yerel ve uluslararas\u0131 \u00f6zel hukuk ve ticaret hukuku alan\u0131nda Ankara&#039;da faaliyet g\u00f6steren uzman ve deneyimli bir hukuk b\u00fcrosudur.\" \/>\n<meta name=\"robots\" content=\"index, follow, max-snippet:-1, max-image-preview:large, max-video-preview:-1\" \/>\n<link rel=\"canonical\" href=\"https:\/\/ersoy-ersoy.av.tr\/en\/contact\/\" \/>\n<meta property=\"og:locale\" content=\"en_US\" \/>\n<meta property=\"og:type\" content=\"article\" \/>\n<meta property=\"og:title\" content=\"Contact\" \/>\n<meta property=\"og:description\" content=\"Ersoy Hukuk B\u00fcrosu, T\u00fcrkiye\u2019de yerel ve uluslararas\u0131 \u00f6zel hukuk ve ticaret hukuku alan\u0131nda Ankara&#039;da faaliyet g\u00f6steren uzman ve deneyimli bir hukuk b\u00fcrosudur.\" \/>\n<meta property=\"og:url\" content=\"https:\/\/ersoy-ersoy.av.tr\/en\/contact\/\" \/>\n<meta property=\"og:site_name\" content=\"Ersoy Hukuk B\u00fcrosu\" \/>\n<meta property=\"article:modified_time\" content=\"2021-12-14T06:03:59+00:00\" \/>\n<meta name=\"twitter:card\" content=\"summary_large_image\" \/>\n<script type=\"application\/ld+json\" class=\"yoast-schema-graph\">{\"@context\":\"https:\/\/schema.org\",\"@graph\":[{\"@type\":\"WebPage\",\"@id\":\"https:\/\/ersoy-ersoy.av.tr\/en\/contact\/\",\"url\":\"https:\/\/ersoy-ersoy.av.tr\/en\/contact\/\",\"name\":\"Contact | Ersoy Hukuk B\u00fcrosu\",\"isPartOf\":{\"@id\":\"https:\/\/ersoy-ersoy.av.tr\/#website\"},\"datePublished\":\"2021-12-09T14:05:35+00:00\",\"dateModified\":\"2021-12-14T06:03:59+00:00\",\"description\":\"Ersoy Hukuk B\u00fcrosu, T\u00fcrkiye\u2019de yerel ve uluslararas\u0131 \u00f6zel hukuk ve ticaret hukuku alan\u0131nda Ankara'da faaliyet g\u00f6steren uzman ve deneyimli bir hukuk b\u00fcrosudur.\",\"breadcrumb\":{\"@id\":\"https:\/\/ersoy-ersoy.av.tr\/en\/contact\/#breadcrumb\"},\"inLanguage\":\"en-US\",\"potentialAction\":[{\"@type\":\"ReadAction\",\"target\":[\"https:\/\/ersoy-ersoy.av.tr\/en\/contact\/\"]}]},{\"@type\":\"BreadcrumbList\",\"@id\":\"https:\/\/ersoy-ersoy.av.tr\/en\/contact\/#breadcrumb\",\"itemListElement\":[{\"@type\":\"ListItem\",\"position\":1,\"name\":\"Home\",\"item\":\"https:\/\/ersoy-ersoy.av.tr\/en\/\"},{\"@type\":\"ListItem\",\"position\":2,\"name\":\"Contact\"}]},{\"@type\":\"WebSite\",\"@id\":\"https:\/\/ersoy-ersoy.av.tr\/#website\",\"url\":\"https:\/\/ersoy-ersoy.av.tr\/\",\"name\":\"Ersoy Hukuk B\u00fcrosu\",\"description\":\"Ankara Avukatl\u0131k Hizmetleri\",\"publisher\":{\"@id\":\"https:\/\/ersoy-ersoy.av.tr\/#organization\"},\"potentialAction\":[{\"@type\":\"SearchAction\",\"target\":{\"@type\":\"EntryPoint\",\"urlTemplate\":\"https:\/\/ersoy-ersoy.av.tr\/?s={search_term_string}\"},\"query-input\":\"required name=search_term_string\"}],\"inLanguage\":\"en-US\"},{\"@type\":\"Organization\",\"@id\":\"https:\/\/ersoy-ersoy.av.tr\/#organization\",\"name\":\"Ersoy Hukuk B\u00fcrosu\",\"url\":\"https:\/\/ersoy-ersoy.av.tr\/\",\"logo\":{\"@type\":\"ImageObject\",\"inLanguage\":\"en-US\",\"@id\":\"https:\/\/ersoy-ersoy.av.tr\/#\/schema\/logo\/image\/\",\"url\":\"https:\/\/ersoy-ersoy.av.tr\/wp-content\/uploads\/2021\/04\/ersoy-hukuk-burosu-Logo.png\",\"contentUrl\":\"https:\/\/ersoy-ersoy.av.tr\/wp-content\/uploads\/2021\/04\/ersoy-hukuk-burosu-Logo.png\",\"width\":400,\"height\":48,\"caption\":\"Ersoy Hukuk B\u00fcrosu\"},\"image\":{\"@id\":\"https:\/\/ersoy-ersoy.av.tr\/#\/schema\/logo\/image\/\"}}]}<\/script>\n<!-- \/ Yoast SEO Premium plugin. -->","yoast_head_json":{"title":"Contact | Ersoy Hukuk B\u00fcrosu","description":"Ersoy Hukuk B\u00fcrosu, T\u00fcrkiye\u2019de yerel ve uluslararas\u0131 \u00f6zel hukuk ve ticaret hukuku alan\u0131nda Ankara'da faaliyet g\u00f6steren uzman ve deneyimli bir hukuk b\u00fcrosudur.","robots":{"index":"index","follow":"follow","max-snippet":"max-snippet:-1","max-image-preview":"max-image-preview:large","max-video-preview":"max-video-preview:-1"},"canonical":"https:\/\/ersoy-ersoy.av.tr\/en\/contact\/","og_locale":"en_US","og_type":"article","og_title":"Contact","og_description":"Ersoy Hukuk B\u00fcrosu, T\u00fcrkiye\u2019de yerel ve uluslararas\u0131 \u00f6zel hukuk ve ticaret hukuku alan\u0131nda Ankara'da faaliyet g\u00f6steren uzman ve deneyimli bir hukuk b\u00fcrosudur.","og_url":"https:\/\/ersoy-ersoy.av.tr\/en\/contact\/","og_site_name":"Ersoy Hukuk B\u00fcrosu","article_modified_time":"2021-12-14T06:03:59+00:00","twitter_card":"summary_large_image","schema":{"@context":"https:\/\/schema.org","@graph":[{"@type":"WebPage","@id":"https:\/\/ersoy-ersoy.av.tr\/en\/contact\/","url":"https:\/\/ersoy-ersoy.av.tr\/en\/contact\/","name":"Contact | Ersoy Hukuk B\u00fcrosu","isPartOf":{"@id":"https:\/\/ersoy-ersoy.av.tr\/#website"},"datePublished":"2021-12-09T14:05:35+00:00","dateModified":"2021-12-14T06:03:59+00:00","description":"Ersoy Hukuk B\u00fcrosu, T\u00fcrkiye\u2019de yerel ve uluslararas\u0131 \u00f6zel hukuk ve ticaret hukuku alan\u0131nda Ankara'da faaliyet g\u00f6steren uzman ve deneyimli bir hukuk b\u00fcrosudur.","breadcrumb":{"@id":"https:\/\/ersoy-ersoy.av.tr\/en\/contact\/#breadcrumb"},"inLanguage":"en-US","potentialAction":[{"@type":"ReadAction","target":["https:\/\/ersoy-ersoy.av.tr\/en\/contact\/"]}]},{"@type":"BreadcrumbList","@id":"https:\/\/ersoy-ersoy.av.tr\/en\/contact\/#breadcrumb","itemListElement":[{"@type":"ListItem","position":1,"name":"Home","item":"https:\/\/ersoy-ersoy.av.tr\/en\/"},{"@type":"ListItem","position":2,"name":"Contact"}]},{"@type":"WebSite","@id":"https:\/\/ersoy-ersoy.av.tr\/#website","url":"https:\/\/ersoy-ersoy.av.tr\/","name":"Ersoy Hukuk B\u00fcrosu","description":"Ankara Avukatl\u0131k Hizmetleri","publisher":{"@id":"https:\/\/ersoy-ersoy.av.tr\/#organization"},"potentialAction":[{"@type":"SearchAction","target":{"@type":"EntryPoint","urlTemplate":"https:\/\/ersoy-ersoy.av.tr\/?s={search_term_string}"},"query-input":"required name=search_term_string"}],"inLanguage":"en-US"},{"@type":"Organization","@id":"https:\/\/ersoy-ersoy.av.tr\/#organization","name":"Ersoy Hukuk B\u00fcrosu","url":"https:\/\/ersoy-ersoy.av.tr\/","logo":{"@type":"ImageObject","inLanguage":"en-US","@id":"https:\/\/ersoy-ersoy.av.tr\/#\/schema\/logo\/image\/","url":"https:\/\/ersoy-ersoy.av.tr\/wp-content\/uploads\/2021\/04\/ersoy-hukuk-burosu-Logo.png","contentUrl":"https:\/\/ersoy-ersoy.av.tr\/wp-content\/uploads\/2021\/04\/ersoy-hukuk-burosu-Logo.png","width":400,"height":48,"caption":"Ersoy Hukuk B\u00fcrosu"},"image":{"@id":"https:\/\/ersoy-ersoy.av.tr\/#\/schema\/logo\/image\/"}}]}},"_links":{"self":[{"href":"https:\/\/ersoy-ersoy.av.tr\/en\/wp-json\/wp\/v2\/pages\/5406"}],"collection":[{"href":"https:\/\/ersoy-ersoy.av.tr\/en\/wp-json\/wp\/v2\/pages"}],"about":[{"href":"https:\/\/ersoy-ersoy.av.tr\/en\/wp-json\/wp\/v2\/types\/page"}],"author":[{"embeddable":true,"href":"https:\/\/ersoy-ersoy.av.tr\/en\/wp-json\/wp\/v2\/users\/1"}],"replies":[{"embeddable":true,"href":"https:\/\/ersoy-ersoy.av.tr\/en\/wp-json\/wp\/v2\/comments?post=5406"}],"version-history":[{"count":10,"href":"https:\/\/ersoy-ersoy.av.tr\/en\/wp-json\/wp\/v2\/pages\/5406\/revisions"}],"predecessor-version":[{"id":5437,"href":"https:\/\/ersoy-ersoy.av.tr\/en\/wp-json\/wp\/v2\/pages\/5406\/revisions\/5437"}],"wp:attachment":[{"href":"https:\/\/ersoy-ersoy.av.tr\/en\/wp-json\/wp\/v2\/media?parent=5406"}],"curies":[{"name":"wp","href":"https:\/\/api.w.org\/{rel}","templated":true}]}}