{"id":5160,"date":"2021-04-27T11:59:55","date_gmt":"2021-04-27T11:59:55","guid":{"rendered":"http:\/\/ersoy-ersoy.av.tr\/avukatlarimiz\/"},"modified":"2021-12-09T14:49:41","modified_gmt":"2021-12-09T14:49:41","slug":"our-lawyers","status":"publish","type":"page","link":"https:\/\/ersoy-ersoy.av.tr\/en\/our-lawyers\/","title":{"rendered":"OUR LAWYERS"},"content":{"rendered":"\t\t<div data-elementor-type=\"wp-page\" data-elementor-id=\"5160\" class=\"elementor elementor-5160 elementor-3653\">\n\t\t\t\t\t\t\t\t\t<section class=\"elementor-section elementor-top-section elementor-element elementor-element-96eee8b elementor-section-stretched elementor-section-full_width elementor-section-height-min-height elementor-section-height-default elementor-section-items-middle\" data-id=\"96eee8b\" data-element_type=\"section\" data-settings=\"{&quot;stretch_section&quot;:&quot;section-stretched&quot;,&quot;background_background&quot;:&quot;classic&quot;}\">\n\t\t\t\t\t\t\t<div class=\"elementor-background-overlay\"><\/div>\n\t\t\t\t\t\t\t<div class=\"elementor-container elementor-column-gap-default\">\n\t\t\t\t\t<div class=\"elementor-column elementor-col-100 elementor-top-column elementor-element elementor-element-be65a49\" data-id=\"be65a49\" data-element_type=\"column\">\n\t\t\t<div class=\"elementor-widget-wrap elementor-element-populated\">\n\t\t\t\t\t\t\t\t<div class=\"elementor-element elementor-element-cfc509c elementor-widget elementor-widget-heading\" data-id=\"cfc509c\" data-element_type=\"widget\" data-widget_type=\"heading.default\">\n\t\t\t\t<div class=\"elementor-widget-container\">\n\t\t\t<h1 class=\"elementor-heading-title elementor-size-default\">OUR LAWYERS<\/h1>\t\t<\/div>\n\t\t\t\t<\/div>\n\t\t\t\t\t<\/div>\n\t\t<\/div>\n\t\t\t\t\t\t\t<\/div>\n\t\t<\/section>\n\t\t\t\t<section class=\"elementor-section elementor-top-section elementor-element elementor-element-1860dbac elementor-section-boxed elementor-section-height-default elementor-section-height-default\" data-id=\"1860dbac\" data-element_type=\"section\">\n\t\t\t\t\t\t<div class=\"elementor-container elementor-column-gap-default\">\n\t\t\t\t\t<div class=\"elementor-column elementor-col-100 elementor-top-column elementor-element elementor-element-ef5fa2c\" data-id=\"ef5fa2c\" data-element_type=\"column\">\n\t\t\t<div class=\"elementor-widget-wrap elementor-element-populated\">\n\t\t\t\t\t\t\t\t<div class=\"elementor-element elementor-element-746ba636 elementor-widget elementor-widget-heading\" data-id=\"746ba636\" data-element_type=\"widget\" data-widget_type=\"heading.default\">\n\t\t\t\t<div class=\"elementor-widget-container\">\n\t\t\t<h2 class=\"elementor-heading-title elementor-size-default\">Av. Prof. Dr. Y\u00fcksel ERSOY<\/h2>\t\t<\/div>\n\t\t\t\t<\/div>\n\t\t\t\t\t<\/div>\n\t\t<\/div>\n\t\t\t\t\t\t\t<\/div>\n\t\t<\/section>\n\t\t\t\t<section class=\"elementor-section elementor-top-section elementor-element elementor-element-1ca70d6 elementor-section-boxed elementor-section-height-default elementor-section-height-default\" data-id=\"1ca70d6\" data-element_type=\"section\">\n\t\t\t\t\t\t<div class=\"elementor-container elementor-column-gap-default\">\n\t\t\t\t\t<div class=\"elementor-column elementor-col-100 elementor-top-column elementor-element elementor-element-684f0db\" data-id=\"684f0db\" data-element_type=\"column\">\n\t\t\t<div class=\"elementor-widget-wrap elementor-element-populated\">\n\t\t\t\t\t\t\t\t<div class=\"elementor-element elementor-element-6deb5323 elementor-widget elementor-widget-text-editor\" data-id=\"6deb5323\" data-element_type=\"widget\" data-widget_type=\"text-editor.default\">\n\t\t\t\t<div class=\"elementor-widget-container\">\n\t\t\t\t\t\t\t<p><span style=\"font-weight: 400;\">He started his education at Ankara University Law School (Law Degree, 1959). After winning the scholarship of the Ministry of Justice, obtained his Ph. D. in Law at the University of Rome (Italy) School of Law (Ph.D. in Law). In the following years he became an Assistant Professor and then Professor at Ankara University. In 1975, he visited and researched as a guest professor at Boalt Hall School of Law at the University of California at Berkeley in the U.S.A. He was again a visiting Scholar and Researcher in the International Law Department of the School of Law of the University of Virginia in Charlottesville, the U.S.A. between 1978-1979. While working as a lecturer at Ankara University, he also gave lectures in <\/span><span style=\"font-weight: 400;\">Sociology of Criminality<\/span><span style=\"font-weight: 400;\"> at the Faculties of Sociology, Social Work and Economy at Hacettepe University between 1968-1972 and taught Criminal Law at the Police Academy between 1970-1975, 1976-1978 and 1980-1988.<\/span><\/p><p><span style=\"font-weight: 400;\">He was admitted to the Ankara Bar Association in 1968 following the completion of his traineeship. After providing consultancy services to various companies, founded Ersoy Law Office.<\/span><\/p><p><span style=\"font-weight: 400;\">After his retirement from the Ankara University in 2003, he gave lectures between 2005-2015 at the Law Faculty of Bilkent University in Ankara on International Commercial Arbitration. <\/span><\/p><p><span style=\"font-weight: 400;\">Av. Prof. Dr. Y\u00fcksel Ersoy, has been acting as \u201cdefense counsel\u201d or \u201carbitrator\u201d in international commercial arbitration cases, mainly carried out under the Rules of Arbitration of the International Chamber of Commerce (ICC) in Paris or under UNCITRAL Rules or local arbitration rules.<\/span><\/p><p><span style=\"font-weight: 400;\">He is proficient in Turkish, Italian, English and French.\u00a0<\/span><\/p><p><span style=\"font-weight: 400;\">His main areas of interest are Company Law, Commercial Law, Business Law, International Private and Trade Law, Law of Contracts, Civil Law, Construction Law, Corporate Law and Criminal Law. He provided extensive counselling and arbitrator services at every level of the civil and administrative legal system.\u00a0 <\/span><\/p>\t\t\t\t\t\t<\/div>\n\t\t\t\t<\/div>\n\t\t\t\t\t<\/div>\n\t\t<\/div>\n\t\t\t\t\t\t\t<\/div>\n\t\t<\/section>\n\t\t\t\t<section class=\"elementor-section elementor-top-section elementor-element elementor-element-46e97b8 elementor-section-boxed elementor-section-height-default elementor-section-height-default\" data-id=\"46e97b8\" data-element_type=\"section\" data-settings=\"{&quot;background_background&quot;:&quot;classic&quot;}\">\n\t\t\t\t\t\t<div class=\"elementor-container elementor-column-gap-default\">\n\t\t\t\t\t<div class=\"elementor-column elementor-col-100 elementor-top-column elementor-element elementor-element-6711f33\" data-id=\"6711f33\" data-element_type=\"column\">\n\t\t\t<div class=\"elementor-widget-wrap elementor-element-populated\">\n\t\t\t\t\t\t\t\t<div class=\"elementor-element elementor-element-c5bfdd3 elementor-widget elementor-widget-heading\" data-id=\"c5bfdd3\" data-element_type=\"widget\" data-widget_type=\"heading.default\">\n\t\t\t\t<div class=\"elementor-widget-container\">\n\t\t\t<h2 class=\"elementor-heading-title elementor-size-default\">Av. G\u00f6rkem ERSOY<\/h2>\t\t<\/div>\n\t\t\t\t<\/div>\n\t\t\t\t\t<\/div>\n\t\t<\/div>\n\t\t\t\t\t\t\t<\/div>\n\t\t<\/section>\n\t\t\t\t<section class=\"elementor-section elementor-top-section elementor-element elementor-element-dccfbb8 elementor-section-boxed elementor-section-height-default elementor-section-height-default\" data-id=\"dccfbb8\" data-element_type=\"section\" data-settings=\"{&quot;background_background&quot;:&quot;classic&quot;}\">\n\t\t\t\t\t\t<div class=\"elementor-container elementor-column-gap-default\">\n\t\t\t\t\t<div class=\"elementor-column elementor-col-100 elementor-top-column elementor-element elementor-element-b260ea3\" data-id=\"b260ea3\" data-element_type=\"column\">\n\t\t\t<div class=\"elementor-widget-wrap elementor-element-populated\">\n\t\t\t\t\t\t\t\t<div class=\"elementor-element elementor-element-c3ca955 elementor-widget elementor-widget-text-editor\" data-id=\"c3ca955\" data-element_type=\"widget\" data-widget_type=\"text-editor.default\">\n\t\t\t\t<div class=\"elementor-widget-container\">\n\t\t\t\t\t\t\t<p><span style=\"font-weight: 400;\">He was admitted to the Ankara Bar Association in 2000, Turkey. Professional education started at Bilkent University, International Relations (B.A., 1994) followed by University of East Anglia Law School, Norwich, U.K. (LL.B., 1997). After his return to Turkey, he obtained his equivalency in Turkish Law in 1998 from the Law Faculty at Galatasaray University in Istanbul after which he was admitted to the Ankara Bar Association. <\/span><\/p><p><span style=\"font-weight: 400;\">He is proficient in English and Turkish. <\/span><\/p><p><span style=\"font-weight: 400;\">His main areas of interest are Commercial Law, International Private and Trade Law, Law of Contracts, Company Law, Construction Law, Business Law, Laws related to Pharmaceuticals and Medicine and Medical Institutions, Defense Projects, Laws related to Computers and Information Technologies, Real Estate Transactions, Litigation and Alternative Dispute Resolution. <\/span><\/p>\t\t\t\t\t\t<\/div>\n\t\t\t\t<\/div>\n\t\t\t\t\t<\/div>\n\t\t<\/div>\n\t\t\t\t\t\t\t<\/div>\n\t\t<\/section>\n\t\t\t\t<section class=\"elementor-section elementor-top-section elementor-element elementor-element-0d1f17d elementor-section-boxed elementor-section-height-default elementor-section-height-default\" data-id=\"0d1f17d\" data-element_type=\"section\" data-settings=\"{&quot;background_background&quot;:&quot;classic&quot;}\">\n\t\t\t\t\t\t<div class=\"elementor-container elementor-column-gap-default\">\n\t\t\t\t\t<div class=\"elementor-column elementor-col-100 elementor-top-column elementor-element elementor-element-59c734c\" data-id=\"59c734c\" data-element_type=\"column\">\n\t\t\t<div class=\"elementor-widget-wrap elementor-element-populated\">\n\t\t\t\t\t\t\t\t<div class=\"elementor-element elementor-element-8c69cb0 elementor-widget elementor-widget-heading\" data-id=\"8c69cb0\" data-element_type=\"widget\" data-widget_type=\"heading.default\">\n\t\t\t\t<div class=\"elementor-widget-container\">\n\t\t\t<h2 class=\"elementor-heading-title elementor-size-default\">Av. Cansel ERSOY<\/h2>\t\t<\/div>\n\t\t\t\t<\/div>\n\t\t\t\t\t<\/div>\n\t\t<\/div>\n\t\t\t\t\t\t\t<\/div>\n\t\t<\/section>\n\t\t\t\t<section class=\"elementor-section elementor-top-section elementor-element elementor-element-46d9858 elementor-section-boxed elementor-section-height-default elementor-section-height-default\" data-id=\"46d9858\" data-element_type=\"section\">\n\t\t\t\t\t\t<div class=\"elementor-container elementor-column-gap-default\">\n\t\t\t\t\t<div class=\"elementor-column elementor-col-100 elementor-top-column elementor-element elementor-element-2ceb590\" data-id=\"2ceb590\" data-element_type=\"column\">\n\t\t\t<div class=\"elementor-widget-wrap elementor-element-populated\">\n\t\t\t\t\t\t\t\t<div class=\"elementor-element elementor-element-193f39d elementor-widget elementor-widget-text-editor\" data-id=\"193f39d\" data-element_type=\"widget\" data-widget_type=\"text-editor.default\">\n\t\t\t\t<div class=\"elementor-widget-container\">\n\t\t\t\t\t\t\t<p><span style=\"font-weight: 400;\">He was admitted to the Ankara Bar Association in 1973, Turkey. Professional education started in Ankara University Law School (Law Degree, 1972). After graduation, he was In-house counsel in the Legal Department of Turkiye \u0130s Bankasi (Labour Bank of Turkey) during 1980-1999. After his retirement from this position Cansel Ersoy joined our legal team at the Ersoy Law Office.<\/span><\/p><p><span style=\"font-weight: 400;\">He is proficient in Turkish and Italian. <\/span><\/p><p><span style=\"font-weight: 400;\">His main areas of interest are Contract Law, Business Law, Commercial Law, Company Law and Litigation.<\/span><\/p>\t\t\t\t\t\t<\/div>\n\t\t\t\t<\/div>\n\t\t\t\t\t<\/div>\n\t\t<\/div>\n\t\t\t\t\t\t\t<\/div>\n\t\t<\/section>\n\t\t\t\t<section class=\"elementor-section elementor-top-section elementor-element elementor-element-ed66418 elementor-section-boxed elementor-section-height-default elementor-section-height-default\" data-id=\"ed66418\" data-element_type=\"section\" data-settings=\"{&quot;background_background&quot;:&quot;classic&quot;}\">\n\t\t\t\t\t\t<div class=\"elementor-container elementor-column-gap-default\">\n\t\t\t\t\t<div class=\"elementor-column elementor-col-100 elementor-top-column elementor-element elementor-element-b13cb45\" data-id=\"b13cb45\" data-element_type=\"column\">\n\t\t\t<div class=\"elementor-widget-wrap elementor-element-populated\">\n\t\t\t\t\t\t\t\t<div class=\"elementor-element elementor-element-c76effc elementor-widget elementor-widget-heading\" data-id=\"c76effc\" data-element_type=\"widget\" data-widget_type=\"heading.default\">\n\t\t\t\t<div class=\"elementor-widget-container\">\n\t\t\t<h2 class=\"elementor-heading-title elementor-size-default\">Av. Nam\u0131k K\u00d6SEBALABAN<\/h2>\t\t<\/div>\n\t\t\t\t<\/div>\n\t\t\t\t\t<\/div>\n\t\t<\/div>\n\t\t\t\t\t\t\t<\/div>\n\t\t<\/section>\n\t\t\t\t<section class=\"elementor-section elementor-top-section elementor-element elementor-element-e6f09c6 elementor-section-boxed elementor-section-height-default elementor-section-height-default\" data-id=\"e6f09c6\" data-element_type=\"section\" data-settings=\"{&quot;background_background&quot;:&quot;classic&quot;}\">\n\t\t\t\t\t\t<div class=\"elementor-container elementor-column-gap-default\">\n\t\t\t\t\t<div class=\"elementor-column elementor-col-100 elementor-top-column elementor-element elementor-element-d5fdf7b\" data-id=\"d5fdf7b\" data-element_type=\"column\">\n\t\t\t<div class=\"elementor-widget-wrap elementor-element-populated\">\n\t\t\t\t\t\t\t\t<div class=\"elementor-element elementor-element-5d9b50d elementor-widget elementor-widget-text-editor\" data-id=\"5d9b50d\" data-element_type=\"widget\" data-widget_type=\"text-editor.default\">\n\t\t\t\t<div class=\"elementor-widget-container\">\n\t\t\t\t\t\t\t<p><span style=\"font-weight: 400;\">He was admitted to the Ankara Bar Association in 1985, Ankara Turkey. Professional education started at \u0130stanbul University Law School (Law Degree, 1984). After completing his apprenticeship as a lawyer with Prof. Dr. Y\u00fcksel Ersoy, he continued to work as a solo practitioner but joins the legal team at Ersoy Law Office from time to time on a per-project basis.<\/span><\/p><p><span style=\"font-weight: 400;\">He speaks Turkish. <\/span><\/p><p><span style=\"font-weight: 400;\">His main areas of interest are Administrative Law, Commercial Law, Law of Contracts, Civil and Administrative Litigation.<\/span><\/p>\t\t\t\t\t\t<\/div>\n\t\t\t\t<\/div>\n\t\t\t\t\t<\/div>\n\t\t<\/div>\n\t\t\t\t\t\t\t<\/div>\n\t\t<\/section>\n\t\t\t\t<section class=\"elementor-section elementor-top-section elementor-element elementor-element-1e91954a elementor-section-height-min-height elementor-section-boxed elementor-section-height-default elementor-section-items-middle\" data-id=\"1e91954a\" data-element_type=\"section\" data-settings=\"{&quot;background_background&quot;:&quot;classic&quot;}\">\n\t\t\t\t\t\t<div class=\"elementor-container elementor-column-gap-default\">\n\t\t\t\t\t<div class=\"elementor-column elementor-col-100 elementor-top-column elementor-element elementor-element-1e55362b\" data-id=\"1e55362b\" data-element_type=\"column\" data-settings=\"{&quot;background_background&quot;:&quot;classic&quot;}\">\n\t\t\t<div class=\"elementor-widget-wrap elementor-element-populated\">\n\t\t\t\t\t\t\t\t<section class=\"elementor-section elementor-inner-section elementor-element elementor-element-27634e4e elementor-section-height-min-height elementor-section-boxed elementor-section-height-default\" data-id=\"27634e4e\" data-element_type=\"section\">\n\t\t\t\t\t\t<div class=\"elementor-container elementor-column-gap-default\">\n\t\t\t\t\t<div class=\"elementor-column elementor-col-50 elementor-inner-column elementor-element elementor-element-47f3920e\" data-id=\"47f3920e\" data-element_type=\"column\">\n\t\t\t<div class=\"elementor-widget-wrap elementor-element-populated\">\n\t\t\t\t\t\t\t\t<div class=\"elementor-element elementor-element-4c74bf41 elementor-widget elementor-widget-heading\" data-id=\"4c74bf41\" data-element_type=\"widget\" data-widget_type=\"heading.default\">\n\t\t\t\t<div class=\"elementor-widget-container\">\n\t\t\t<div class=\"elementor-heading-title elementor-size-default\">\nContact Us For All Your Questions and Suggestions<\/div>\t\t<\/div>\n\t\t\t\t<\/div>\n\t\t\t\t\t<\/div>\n\t\t<\/div>\n\t\t\t\t<div class=\"elementor-column elementor-col-50 elementor-inner-column elementor-element elementor-element-7412d5d8\" data-id=\"7412d5d8\" data-element_type=\"column\">\n\t\t\t<div class=\"elementor-widget-wrap elementor-element-populated\">\n\t\t\t\t\t\t\t\t<div class=\"elementor-element elementor-element-638a7be7 elementor-align-right elementor-mobile-align-center elementor-widget elementor-widget-button\" data-id=\"638a7be7\" data-element_type=\"widget\" data-widget_type=\"button.default\">\n\t\t\t\t<div class=\"elementor-widget-container\">\n\t\t\t\t\t<div class=\"elementor-button-wrapper\">\n\t\t\t<a href=\"http:\/\/ersoy-ersoy.av.tr\/en\/contact\/\" class=\"elementor-button-link elementor-button elementor-size-md\" role=\"button\">\n\t\t\t\t\t\t<span class=\"elementor-button-content-wrapper\">\n\t\t\t\t\t\t\t<span class=\"elementor-button-icon elementor-align-icon-right\">\n\t\t\t\t<i aria-hidden=\"true\" class=\"fas fa-long-arrow-alt-right\"><\/i>\t\t\t<\/span>\n\t\t\t\t\t\t<span class=\"elementor-button-text\">Contact<\/span>\n\t\t<\/span>\n\t\t\t\t\t<\/a>\n\t\t<\/div>\n\t\t\t\t<\/div>\n\t\t\t\t<\/div>\n\t\t\t\t\t<\/div>\n\t\t<\/div>\n\t\t\t\t\t\t\t<\/div>\n\t\t<\/section>\n\t\t\t\t\t<\/div>\n\t\t<\/div>\n\t\t\t\t\t\t\t<\/div>\n\t\t<\/section>\n\t\t\t\t\t\t\t<\/div>\n\t\t","protected":false},"excerpt":{"rendered":"<p>OUR LAWYERS Av. Prof. Dr. Y\u00fcksel ERSOY He started his education at Ankara University Law School (Law Degree, 1959). After winning the scholarship of the Ministry of Justice, obtained his Ph. D. in Law at the University of Rome (Italy) School of Law (Ph.D. in Law). In the following years he became an Assistant Professor and then Professor at Ankara &hellip;<\/p>\n","protected":false},"author":1,"featured_media":0,"parent":0,"menu_order":0,"comment_status":"closed","ping_status":"closed","template":"blank-builder.php","meta":[],"yoast_head":"<!-- This site is optimized with the Yoast SEO Premium plugin v16.9 (Yoast SEO v19.9) - https:\/\/yoast.com\/wordpress\/plugins\/seo\/ -->\n<title>OUR LAWYERS | Ersoy Hukuk B\u00fcrosu<\/title>\n<meta name=\"description\" content=\"Ersoy Hukuk B\u00fcrosu, T\u00fcrkiye\u2019de yerel ve uluslararas\u0131 \u00f6zel hukuk ve ticaret hukuku alan\u0131nda Ankara&#039;da faaliyet g\u00f6steren uzman ve deneyimli bir hukuk b\u00fcrosudur.\" \/>\n<meta name=\"robots\" content=\"index, follow, max-snippet:-1, max-image-preview:large, max-video-preview:-1\" \/>\n<link rel=\"canonical\" href=\"https:\/\/ersoy-ersoy.av.tr\/en\/our-lawyers\/\" \/>\n<meta property=\"og:locale\" content=\"en_US\" \/>\n<meta property=\"og:type\" content=\"article\" \/>\n<meta property=\"og:title\" content=\"OUR LAWYERS\" \/>\n<meta property=\"og:description\" content=\"Ersoy Hukuk B\u00fcrosu, T\u00fcrkiye\u2019de yerel ve uluslararas\u0131 \u00f6zel hukuk ve ticaret hukuku alan\u0131nda Ankara&#039;da faaliyet g\u00f6steren uzman ve deneyimli bir hukuk b\u00fcrosudur.\" \/>\n<meta property=\"og:url\" content=\"https:\/\/ersoy-ersoy.av.tr\/en\/our-lawyers\/\" \/>\n<meta property=\"og:site_name\" content=\"Ersoy Hukuk B\u00fcrosu\" \/>\n<meta property=\"article:modified_time\" content=\"2021-12-09T14:49:41+00:00\" \/>\n<meta name=\"twitter:card\" content=\"summary_large_image\" \/>\n<meta name=\"twitter:label1\" content=\"Est. reading time\" \/>\n\t<meta name=\"twitter:data1\" content=\"3 minutes\" \/>\n<script type=\"application\/ld+json\" class=\"yoast-schema-graph\">{\"@context\":\"https:\/\/schema.org\",\"@graph\":[{\"@type\":\"WebPage\",\"@id\":\"https:\/\/ersoy-ersoy.av.tr\/en\/our-lawyers\/\",\"url\":\"https:\/\/ersoy-ersoy.av.tr\/en\/our-lawyers\/\",\"name\":\"OUR LAWYERS | Ersoy Hukuk B\u00fcrosu\",\"isPartOf\":{\"@id\":\"https:\/\/ersoy-ersoy.av.tr\/#website\"},\"datePublished\":\"2021-04-27T11:59:55+00:00\",\"dateModified\":\"2021-12-09T14:49:41+00:00\",\"description\":\"Ersoy Hukuk B\u00fcrosu, T\u00fcrkiye\u2019de yerel ve uluslararas\u0131 \u00f6zel hukuk ve ticaret hukuku alan\u0131nda Ankara'da faaliyet g\u00f6steren uzman ve deneyimli bir hukuk b\u00fcrosudur.\",\"breadcrumb\":{\"@id\":\"https:\/\/ersoy-ersoy.av.tr\/en\/our-lawyers\/#breadcrumb\"},\"inLanguage\":\"en-US\",\"potentialAction\":[{\"@type\":\"ReadAction\",\"target\":[\"https:\/\/ersoy-ersoy.av.tr\/en\/our-lawyers\/\"]}]},{\"@type\":\"BreadcrumbList\",\"@id\":\"https:\/\/ersoy-ersoy.av.tr\/en\/our-lawyers\/#breadcrumb\",\"itemListElement\":[{\"@type\":\"ListItem\",\"position\":1,\"name\":\"Home\",\"item\":\"https:\/\/ersoy-ersoy.av.tr\/en\/\"},{\"@type\":\"ListItem\",\"position\":2,\"name\":\"OUR LAWYERS\"}]},{\"@type\":\"WebSite\",\"@id\":\"https:\/\/ersoy-ersoy.av.tr\/#website\",\"url\":\"https:\/\/ersoy-ersoy.av.tr\/\",\"name\":\"Ersoy Hukuk B\u00fcrosu\",\"description\":\"Ankara Avukatl\u0131k Hizmetleri\",\"publisher\":{\"@id\":\"https:\/\/ersoy-ersoy.av.tr\/#organization\"},\"potentialAction\":[{\"@type\":\"SearchAction\",\"target\":{\"@type\":\"EntryPoint\",\"urlTemplate\":\"https:\/\/ersoy-ersoy.av.tr\/?s={search_term_string}\"},\"query-input\":\"required name=search_term_string\"}],\"inLanguage\":\"en-US\"},{\"@type\":\"Organization\",\"@id\":\"https:\/\/ersoy-ersoy.av.tr\/#organization\",\"name\":\"Ersoy Hukuk B\u00fcrosu\",\"url\":\"https:\/\/ersoy-ersoy.av.tr\/\",\"logo\":{\"@type\":\"ImageObject\",\"inLanguage\":\"en-US\",\"@id\":\"https:\/\/ersoy-ersoy.av.tr\/#\/schema\/logo\/image\/\",\"url\":\"https:\/\/ersoy-ersoy.av.tr\/wp-content\/uploads\/2021\/04\/ersoy-hukuk-burosu-Logo.png\",\"contentUrl\":\"https:\/\/ersoy-ersoy.av.tr\/wp-content\/uploads\/2021\/04\/ersoy-hukuk-burosu-Logo.png\",\"width\":400,\"height\":48,\"caption\":\"Ersoy Hukuk B\u00fcrosu\"},\"image\":{\"@id\":\"https:\/\/ersoy-ersoy.av.tr\/#\/schema\/logo\/image\/\"}}]}<\/script>\n<!-- \/ Yoast SEO Premium plugin. -->","yoast_head_json":{"title":"OUR LAWYERS | Ersoy Hukuk B\u00fcrosu","description":"Ersoy Hukuk B\u00fcrosu, T\u00fcrkiye\u2019de yerel ve uluslararas\u0131 \u00f6zel hukuk ve ticaret hukuku alan\u0131nda Ankara'da faaliyet g\u00f6steren uzman ve deneyimli bir hukuk b\u00fcrosudur.","robots":{"index":"index","follow":"follow","max-snippet":"max-snippet:-1","max-image-preview":"max-image-preview:large","max-video-preview":"max-video-preview:-1"},"canonical":"https:\/\/ersoy-ersoy.av.tr\/en\/our-lawyers\/","og_locale":"en_US","og_type":"article","og_title":"OUR LAWYERS","og_description":"Ersoy Hukuk B\u00fcrosu, T\u00fcrkiye\u2019de yerel ve uluslararas\u0131 \u00f6zel hukuk ve ticaret hukuku alan\u0131nda Ankara'da faaliyet g\u00f6steren uzman ve deneyimli bir hukuk b\u00fcrosudur.","og_url":"https:\/\/ersoy-ersoy.av.tr\/en\/our-lawyers\/","og_site_name":"Ersoy Hukuk B\u00fcrosu","article_modified_time":"2021-12-09T14:49:41+00:00","twitter_card":"summary_large_image","twitter_misc":{"Est. reading time":"3 minutes"},"schema":{"@context":"https:\/\/schema.org","@graph":[{"@type":"WebPage","@id":"https:\/\/ersoy-ersoy.av.tr\/en\/our-lawyers\/","url":"https:\/\/ersoy-ersoy.av.tr\/en\/our-lawyers\/","name":"OUR LAWYERS | Ersoy Hukuk B\u00fcrosu","isPartOf":{"@id":"https:\/\/ersoy-ersoy.av.tr\/#website"},"datePublished":"2021-04-27T11:59:55+00:00","dateModified":"2021-12-09T14:49:41+00:00","description":"Ersoy Hukuk B\u00fcrosu, T\u00fcrkiye\u2019de yerel ve uluslararas\u0131 \u00f6zel hukuk ve ticaret hukuku alan\u0131nda Ankara'da faaliyet g\u00f6steren uzman ve deneyimli bir hukuk b\u00fcrosudur.","breadcrumb":{"@id":"https:\/\/ersoy-ersoy.av.tr\/en\/our-lawyers\/#breadcrumb"},"inLanguage":"en-US","potentialAction":[{"@type":"ReadAction","target":["https:\/\/ersoy-ersoy.av.tr\/en\/our-lawyers\/"]}]},{"@type":"BreadcrumbList","@id":"https:\/\/ersoy-ersoy.av.tr\/en\/our-lawyers\/#breadcrumb","itemListElement":[{"@type":"ListItem","position":1,"name":"Home","item":"https:\/\/ersoy-ersoy.av.tr\/en\/"},{"@type":"ListItem","position":2,"name":"OUR LAWYERS"}]},{"@type":"WebSite","@id":"https:\/\/ersoy-ersoy.av.tr\/#website","url":"https:\/\/ersoy-ersoy.av.tr\/","name":"Ersoy Hukuk B\u00fcrosu","description":"Ankara Avukatl\u0131k Hizmetleri","publisher":{"@id":"https:\/\/ersoy-ersoy.av.tr\/#organization"},"potentialAction":[{"@type":"SearchAction","target":{"@type":"EntryPoint","urlTemplate":"https:\/\/ersoy-ersoy.av.tr\/?s={search_term_string}"},"query-input":"required name=search_term_string"}],"inLanguage":"en-US"},{"@type":"Organization","@id":"https:\/\/ersoy-ersoy.av.tr\/#organization","name":"Ersoy Hukuk B\u00fcrosu","url":"https:\/\/ersoy-ersoy.av.tr\/","logo":{"@type":"ImageObject","inLanguage":"en-US","@id":"https:\/\/ersoy-ersoy.av.tr\/#\/schema\/logo\/image\/","url":"https:\/\/ersoy-ersoy.av.tr\/wp-content\/uploads\/2021\/04\/ersoy-hukuk-burosu-Logo.png","contentUrl":"https:\/\/ersoy-ersoy.av.tr\/wp-content\/uploads\/2021\/04\/ersoy-hukuk-burosu-Logo.png","width":400,"height":48,"caption":"Ersoy Hukuk B\u00fcrosu"},"image":{"@id":"https:\/\/ersoy-ersoy.av.tr\/#\/schema\/logo\/image\/"}}]}},"_links":{"self":[{"href":"https:\/\/ersoy-ersoy.av.tr\/en\/wp-json\/wp\/v2\/pages\/5160"}],"collection":[{"href":"https:\/\/ersoy-ersoy.av.tr\/en\/wp-json\/wp\/v2\/pages"}],"about":[{"href":"https:\/\/ersoy-ersoy.av.tr\/en\/wp-json\/wp\/v2\/types\/page"}],"author":[{"embeddable":true,"href":"https:\/\/ersoy-ersoy.av.tr\/en\/wp-json\/wp\/v2\/users\/1"}],"replies":[{"embeddable":true,"href":"https:\/\/ersoy-ersoy.av.tr\/en\/wp-json\/wp\/v2\/comments?post=5160"}],"version-history":[{"count":25,"href":"https:\/\/ersoy-ersoy.av.tr\/en\/wp-json\/wp\/v2\/pages\/5160\/revisions"}],"predecessor-version":[{"id":5418,"href":"https:\/\/ersoy-ersoy.av.tr\/en\/wp-json\/wp\/v2\/pages\/5160\/revisions\/5418"}],"wp:attachment":[{"href":"https:\/\/ersoy-ersoy.av.tr\/en\/wp-json\/wp\/v2\/media?parent=5160"}],"curies":[{"name":"wp","href":"https:\/\/api.w.org\/{rel}","templated":true}]}}