{"id":5156,"date":"2021-10-22T12:54:04","date_gmt":"2021-10-22T12:54:04","guid":{"rendered":"http:\/\/ersoy-ersoy.av.tr\/is-anlayisimiz\/"},"modified":"2021-12-09T11:44:12","modified_gmt":"2021-12-09T11:44:12","slug":"our-approach-towards-work","status":"publish","type":"page","link":"https:\/\/ersoy-ersoy.av.tr\/en\/our-approach-towards-work\/","title":{"rendered":"OUR APPROACH TOWARDS WORK"},"content":{"rendered":"\t\t<div data-elementor-type=\"wp-page\" data-elementor-id=\"5156\" class=\"elementor elementor-5156 elementor-3899\">\n\t\t\t\t\t\t\t\t\t<section class=\"elementor-section elementor-top-section elementor-element elementor-element-61ffe36 elementor-section-stretched elementor-section-full_width elementor-section-height-min-height elementor-section-height-default elementor-section-items-middle\" data-id=\"61ffe36\" data-element_type=\"section\" data-settings=\"{&quot;stretch_section&quot;:&quot;section-stretched&quot;,&quot;background_background&quot;:&quot;classic&quot;}\">\n\t\t\t\t\t\t\t<div class=\"elementor-background-overlay\"><\/div>\n\t\t\t\t\t\t\t<div class=\"elementor-container elementor-column-gap-default\">\n\t\t\t\t\t<div class=\"elementor-column elementor-col-100 elementor-top-column elementor-element elementor-element-5e3abf2\" data-id=\"5e3abf2\" data-element_type=\"column\">\n\t\t\t<div class=\"elementor-widget-wrap elementor-element-populated\">\n\t\t\t\t\t\t\t\t<div class=\"elementor-element elementor-element-11165c5 elementor-widget elementor-widget-heading\" data-id=\"11165c5\" data-element_type=\"widget\" data-widget_type=\"heading.default\">\n\t\t\t\t<div class=\"elementor-widget-container\">\n\t\t\t<h1 class=\"elementor-heading-title elementor-size-default\">OUR APPROACH TOWARDS WORK<\/h1>\t\t<\/div>\n\t\t\t\t<\/div>\n\t\t\t\t\t<\/div>\n\t\t<\/div>\n\t\t\t\t\t\t\t<\/div>\n\t\t<\/section>\n\t\t\t\t<section class=\"elementor-section elementor-top-section elementor-element elementor-element-522a8517 elementor-section-boxed elementor-section-height-default elementor-section-height-default\" data-id=\"522a8517\" data-element_type=\"section\">\n\t\t\t\t\t\t<div class=\"elementor-container elementor-column-gap-default\">\n\t\t\t\t\t<div class=\"elementor-column elementor-col-50 elementor-top-column elementor-element elementor-element-950b34c\" data-id=\"950b34c\" data-element_type=\"column\">\n\t\t\t<div class=\"elementor-widget-wrap elementor-element-populated\">\n\t\t\t\t\t\t\t\t<div class=\"elementor-element elementor-element-4023ee1 elementor-widget elementor-widget-image\" data-id=\"4023ee1\" data-element_type=\"widget\" data-widget_type=\"image.default\">\n\t\t\t\t<div class=\"elementor-widget-container\">\n\t\t\t\t\t\t\t\t\t\t\t\t\t\t\t<img width=\"683\" height=\"1024\" src=\"https:\/\/ersoy-ersoy.av.tr\/wp-content\/uploads\/2021\/11\/ersoy-hukuk-burosu-ankara-683x1024.jpg\" class=\"attachment-large size-large\" alt=\"\" loading=\"lazy\" \/>\t\t\t\t\t\t\t\t\t\t\t\t\t\t\t<\/div>\n\t\t\t\t<\/div>\n\t\t\t\t\t<\/div>\n\t\t<\/div>\n\t\t\t\t<div class=\"elementor-column elementor-col-50 elementor-top-column elementor-element elementor-element-c5064e9\" data-id=\"c5064e9\" data-element_type=\"column\">\n\t\t\t<div class=\"elementor-widget-wrap elementor-element-populated\">\n\t\t\t\t\t\t\t\t<div class=\"elementor-element elementor-element-187af8e elementor-widget elementor-widget-text-editor\" data-id=\"187af8e\" data-element_type=\"widget\" data-widget_type=\"text-editor.default\">\n\t\t\t\t<div class=\"elementor-widget-container\">\n\t\t\t\t\t\t\t<p><span style=\"font-weight: 400;\">Our Law Office\u2019s primary principle is that litigation should be the last resort for the solution of all kinds of controversies between individuals and\/or private or public legal entities entering into private or public law contracts. It is not true in our opinion that the lawyers expect that such controversies happen in order to resolve them at the courts or through other types of dispute resolution procedures such as arbitration or mediation.<\/span><\/p><p><span style=\"font-weight: 400;\">As means of prevention of diseases are more important and desirable than the treatment of diseases, it is essential to consult lawyers before entering into legal relationships and during their implementation in order to avoid or minimize occurrence of controversies between the parties of a legal relationship.<\/span><\/p><p><span style=\"font-weight: 400;\">In these kinds of relationships, parties to the contracts often neglect to obtain or obtain insufficient legal information about the risks involved in the general and special conditions of the basic texts in the hope that these conditions will be applied in a fair and equitable manner later on.<\/span><\/p><p><span style=\"font-weight: 400;\">Entering into a legal relationship might cause unexpected damages to the interested parties during implementation, unless an accurate and righteous evaluation of the legal and financial risks is made at the initial stage.<\/span><\/p><p><span style=\"font-weight: 400;\">Our experience teaches us that, in all kinds of important contracts, employers, who are the stronger parties, are inclined to impose more advantageous provisions for themselves at the time of preparation of the contracts and especially in the form contracts on the contractors who are the weaker parties in order to obtain undeserved advantages during the implementation of the contracts.<\/span><\/p>\t\t\t\t\t\t<\/div>\n\t\t\t\t<\/div>\n\t\t\t\t\t<\/div>\n\t\t<\/div>\n\t\t\t\t\t\t\t<\/div>\n\t\t<\/section>\n\t\t\t\t<section class=\"elementor-section elementor-top-section elementor-element elementor-element-34b0b30 elementor-section-boxed elementor-section-height-default elementor-section-height-default\" data-id=\"34b0b30\" data-element_type=\"section\">\n\t\t\t\t\t\t<div class=\"elementor-container elementor-column-gap-default\">\n\t\t\t\t\t<div class=\"elementor-column elementor-col-100 elementor-top-column elementor-element elementor-element-44b97cb\" data-id=\"44b97cb\" data-element_type=\"column\">\n\t\t\t<div class=\"elementor-widget-wrap elementor-element-populated\">\n\t\t\t\t\t\t\t\t<div class=\"elementor-element elementor-element-5548f23 elementor-widget elementor-widget-text-editor\" data-id=\"5548f23\" data-element_type=\"widget\" data-widget_type=\"text-editor.default\">\n\t\t\t\t<div class=\"elementor-widget-container\">\n\t\t\t\t\t\t\t<p><span style=\"font-weight: 400;\">The Employers\u2019 main obligation of progress payments for example, is at the same time, their most important leverage for putting pressure on the contractors, who, in general, intend to complete the project by financing it with the monies received as progress payments and they find themselves in great financial difficulty each time the Employer denies payment for just or unjust reasons.<\/span><\/p><p><span style=\"font-weight: 400;\">The old principle \u201cpacta sunt servanda\u201d (<\/span><span style=\"font-weight: 400;\">Latin for &#8220;agreements must be observed\u201d in old language \u201cahde vefa\u201d) nowadays is not understood as strict observance of the contract provisions and instead, an \u201cequilibrium of rights and obligations\u201d is more desirable for the reciprocal obligations of the parties. Unfortunately, it is not always guaranteed to obtain such equilibrium, if the weaker party does not obtain the necessary amendment at the time of entering into a contract.<\/span><\/p><p><span style=\"font-weight: 400;\">Despite all these precautions, controversies might arise between the parties and attempts for an amicable solution through discussion or mediation might fail and therefore one or both of the parties might consider initiation of a court or arbitration case.<\/span><\/p><p><span style=\"font-weight: 400;\">However, one should also consider that, it is not always easy, especially in case of controversies between private companies and public entities, to bring the matter to litigation, because of the lengthy procedures, possible denial of participating to other biddings in the meantime and uncertainty of obtaining a favorable decision.<\/span><\/p><p><span style=\"font-weight: 400;\">Therefore, it is important to settle possible disequilibrium points in the contract provisions at the time of discussion and finalization of a contract relationship and not to postpone the solution of such problems to the implementation phase of a contract. <\/span><\/p>\t\t\t\t\t\t<\/div>\n\t\t\t\t<\/div>\n\t\t\t\t\t<\/div>\n\t\t<\/div>\n\t\t\t\t\t\t\t<\/div>\n\t\t<\/section>\n\t\t\t\t\t\t\t<\/div>\n\t\t","protected":false},"excerpt":{"rendered":"<p>OUR APPROACH TOWARDS WORK Our Law Office\u2019s primary principle is that litigation should be the last resort for the solution of all kinds of controversies between individuals and\/or private or public legal entities entering into private or public law contracts. It is not true in our opinion that the lawyers expect that such controversies happen in order to resolve them &hellip;<\/p>\n","protected":false},"author":1,"featured_media":0,"parent":0,"menu_order":0,"comment_status":"closed","ping_status":"closed","template":"blank-builder.php","meta":[],"yoast_head":"<!-- This site is optimized with the Yoast SEO Premium plugin v16.9 (Yoast SEO v19.9) - https:\/\/yoast.com\/wordpress\/plugins\/seo\/ -->\n<title>OUR APPROACH TOWARDS WORK | Ersoy Hukuk B\u00fcrosu<\/title>\n<meta name=\"description\" content=\"Ersoy Hukuk B\u00fcrosu, T\u00fcrkiye\u2019de yerel ve uluslararas\u0131 \u00f6zel hukuk ve ticaret hukuku alan\u0131nda Ankara&#039;da faaliyet g\u00f6steren uzman ve deneyimli bir hukuk b\u00fcrosudur.\" \/>\n<meta name=\"robots\" content=\"index, follow, max-snippet:-1, max-image-preview:large, max-video-preview:-1\" \/>\n<link rel=\"canonical\" href=\"https:\/\/ersoy-ersoy.av.tr\/en\/our-approach-towards-work\/\" \/>\n<meta property=\"og:locale\" content=\"en_US\" \/>\n<meta property=\"og:type\" content=\"article\" \/>\n<meta property=\"og:title\" content=\"OUR APPROACH TOWARDS WORK\" \/>\n<meta property=\"og:description\" content=\"Ersoy Hukuk B\u00fcrosu, T\u00fcrkiye\u2019de yerel ve uluslararas\u0131 \u00f6zel hukuk ve ticaret hukuku alan\u0131nda Ankara&#039;da faaliyet g\u00f6steren uzman ve deneyimli bir hukuk b\u00fcrosudur.\" \/>\n<meta property=\"og:url\" content=\"https:\/\/ersoy-ersoy.av.tr\/en\/our-approach-towards-work\/\" \/>\n<meta property=\"og:site_name\" content=\"Ersoy Hukuk B\u00fcrosu\" \/>\n<meta property=\"article:modified_time\" content=\"2021-12-09T11:44:12+00:00\" \/>\n<meta property=\"og:image\" content=\"http:\/\/ersoy-ersoy.av.tr\/wp-content\/uploads\/2021\/11\/ersoy-hukuk-burosu-ankara-683x1024.jpg\" \/>\n<meta name=\"twitter:card\" content=\"summary_large_image\" \/>\n<meta name=\"twitter:label1\" content=\"Est. reading time\" \/>\n\t<meta name=\"twitter:data1\" content=\"3 minutes\" \/>\n<script type=\"application\/ld+json\" class=\"yoast-schema-graph\">{\"@context\":\"https:\/\/schema.org\",\"@graph\":[{\"@type\":\"WebPage\",\"@id\":\"https:\/\/ersoy-ersoy.av.tr\/en\/our-approach-towards-work\/\",\"url\":\"https:\/\/ersoy-ersoy.av.tr\/en\/our-approach-towards-work\/\",\"name\":\"OUR APPROACH TOWARDS WORK | Ersoy Hukuk B\u00fcrosu\",\"isPartOf\":{\"@id\":\"https:\/\/ersoy-ersoy.av.tr\/#website\"},\"datePublished\":\"2021-10-22T12:54:04+00:00\",\"dateModified\":\"2021-12-09T11:44:12+00:00\",\"description\":\"Ersoy Hukuk B\u00fcrosu, T\u00fcrkiye\u2019de yerel ve uluslararas\u0131 \u00f6zel hukuk ve ticaret hukuku alan\u0131nda Ankara'da faaliyet g\u00f6steren uzman ve deneyimli bir hukuk b\u00fcrosudur.\",\"breadcrumb\":{\"@id\":\"https:\/\/ersoy-ersoy.av.tr\/en\/our-approach-towards-work\/#breadcrumb\"},\"inLanguage\":\"en-US\",\"potentialAction\":[{\"@type\":\"ReadAction\",\"target\":[\"https:\/\/ersoy-ersoy.av.tr\/en\/our-approach-towards-work\/\"]}]},{\"@type\":\"BreadcrumbList\",\"@id\":\"https:\/\/ersoy-ersoy.av.tr\/en\/our-approach-towards-work\/#breadcrumb\",\"itemListElement\":[{\"@type\":\"ListItem\",\"position\":1,\"name\":\"Home\",\"item\":\"https:\/\/ersoy-ersoy.av.tr\/en\/\"},{\"@type\":\"ListItem\",\"position\":2,\"name\":\"OUR APPROACH TOWARDS WORK\"}]},{\"@type\":\"WebSite\",\"@id\":\"https:\/\/ersoy-ersoy.av.tr\/#website\",\"url\":\"https:\/\/ersoy-ersoy.av.tr\/\",\"name\":\"Ersoy Hukuk B\u00fcrosu\",\"description\":\"Ankara Avukatl\u0131k Hizmetleri\",\"publisher\":{\"@id\":\"https:\/\/ersoy-ersoy.av.tr\/#organization\"},\"potentialAction\":[{\"@type\":\"SearchAction\",\"target\":{\"@type\":\"EntryPoint\",\"urlTemplate\":\"https:\/\/ersoy-ersoy.av.tr\/?s={search_term_string}\"},\"query-input\":\"required name=search_term_string\"}],\"inLanguage\":\"en-US\"},{\"@type\":\"Organization\",\"@id\":\"https:\/\/ersoy-ersoy.av.tr\/#organization\",\"name\":\"Ersoy Hukuk B\u00fcrosu\",\"url\":\"https:\/\/ersoy-ersoy.av.tr\/\",\"logo\":{\"@type\":\"ImageObject\",\"inLanguage\":\"en-US\",\"@id\":\"https:\/\/ersoy-ersoy.av.tr\/#\/schema\/logo\/image\/\",\"url\":\"https:\/\/ersoy-ersoy.av.tr\/wp-content\/uploads\/2021\/04\/ersoy-hukuk-burosu-Logo.png\",\"contentUrl\":\"https:\/\/ersoy-ersoy.av.tr\/wp-content\/uploads\/2021\/04\/ersoy-hukuk-burosu-Logo.png\",\"width\":400,\"height\":48,\"caption\":\"Ersoy Hukuk B\u00fcrosu\"},\"image\":{\"@id\":\"https:\/\/ersoy-ersoy.av.tr\/#\/schema\/logo\/image\/\"}}]}<\/script>\n<!-- \/ Yoast SEO Premium plugin. -->","yoast_head_json":{"title":"OUR APPROACH TOWARDS WORK | Ersoy Hukuk B\u00fcrosu","description":"Ersoy Hukuk B\u00fcrosu, T\u00fcrkiye\u2019de yerel ve uluslararas\u0131 \u00f6zel hukuk ve ticaret hukuku alan\u0131nda Ankara'da faaliyet g\u00f6steren uzman ve deneyimli bir hukuk b\u00fcrosudur.","robots":{"index":"index","follow":"follow","max-snippet":"max-snippet:-1","max-image-preview":"max-image-preview:large","max-video-preview":"max-video-preview:-1"},"canonical":"https:\/\/ersoy-ersoy.av.tr\/en\/our-approach-towards-work\/","og_locale":"en_US","og_type":"article","og_title":"OUR APPROACH TOWARDS WORK","og_description":"Ersoy Hukuk B\u00fcrosu, T\u00fcrkiye\u2019de yerel ve uluslararas\u0131 \u00f6zel hukuk ve ticaret hukuku alan\u0131nda Ankara'da faaliyet g\u00f6steren uzman ve deneyimli bir hukuk b\u00fcrosudur.","og_url":"https:\/\/ersoy-ersoy.av.tr\/en\/our-approach-towards-work\/","og_site_name":"Ersoy Hukuk B\u00fcrosu","article_modified_time":"2021-12-09T11:44:12+00:00","og_image":[{"url":"http:\/\/ersoy-ersoy.av.tr\/wp-content\/uploads\/2021\/11\/ersoy-hukuk-burosu-ankara-683x1024.jpg"}],"twitter_card":"summary_large_image","twitter_misc":{"Est. reading time":"3 minutes"},"schema":{"@context":"https:\/\/schema.org","@graph":[{"@type":"WebPage","@id":"https:\/\/ersoy-ersoy.av.tr\/en\/our-approach-towards-work\/","url":"https:\/\/ersoy-ersoy.av.tr\/en\/our-approach-towards-work\/","name":"OUR APPROACH TOWARDS WORK | Ersoy Hukuk B\u00fcrosu","isPartOf":{"@id":"https:\/\/ersoy-ersoy.av.tr\/#website"},"datePublished":"2021-10-22T12:54:04+00:00","dateModified":"2021-12-09T11:44:12+00:00","description":"Ersoy Hukuk B\u00fcrosu, T\u00fcrkiye\u2019de yerel ve uluslararas\u0131 \u00f6zel hukuk ve ticaret hukuku alan\u0131nda Ankara'da faaliyet g\u00f6steren uzman ve deneyimli bir hukuk b\u00fcrosudur.","breadcrumb":{"@id":"https:\/\/ersoy-ersoy.av.tr\/en\/our-approach-towards-work\/#breadcrumb"},"inLanguage":"en-US","potentialAction":[{"@type":"ReadAction","target":["https:\/\/ersoy-ersoy.av.tr\/en\/our-approach-towards-work\/"]}]},{"@type":"BreadcrumbList","@id":"https:\/\/ersoy-ersoy.av.tr\/en\/our-approach-towards-work\/#breadcrumb","itemListElement":[{"@type":"ListItem","position":1,"name":"Home","item":"https:\/\/ersoy-ersoy.av.tr\/en\/"},{"@type":"ListItem","position":2,"name":"OUR APPROACH TOWARDS WORK"}]},{"@type":"WebSite","@id":"https:\/\/ersoy-ersoy.av.tr\/#website","url":"https:\/\/ersoy-ersoy.av.tr\/","name":"Ersoy Hukuk B\u00fcrosu","description":"Ankara Avukatl\u0131k Hizmetleri","publisher":{"@id":"https:\/\/ersoy-ersoy.av.tr\/#organization"},"potentialAction":[{"@type":"SearchAction","target":{"@type":"EntryPoint","urlTemplate":"https:\/\/ersoy-ersoy.av.tr\/?s={search_term_string}"},"query-input":"required name=search_term_string"}],"inLanguage":"en-US"},{"@type":"Organization","@id":"https:\/\/ersoy-ersoy.av.tr\/#organization","name":"Ersoy Hukuk B\u00fcrosu","url":"https:\/\/ersoy-ersoy.av.tr\/","logo":{"@type":"ImageObject","inLanguage":"en-US","@id":"https:\/\/ersoy-ersoy.av.tr\/#\/schema\/logo\/image\/","url":"https:\/\/ersoy-ersoy.av.tr\/wp-content\/uploads\/2021\/04\/ersoy-hukuk-burosu-Logo.png","contentUrl":"https:\/\/ersoy-ersoy.av.tr\/wp-content\/uploads\/2021\/04\/ersoy-hukuk-burosu-Logo.png","width":400,"height":48,"caption":"Ersoy Hukuk B\u00fcrosu"},"image":{"@id":"https:\/\/ersoy-ersoy.av.tr\/#\/schema\/logo\/image\/"}}]}},"_links":{"self":[{"href":"https:\/\/ersoy-ersoy.av.tr\/en\/wp-json\/wp\/v2\/pages\/5156"}],"collection":[{"href":"https:\/\/ersoy-ersoy.av.tr\/en\/wp-json\/wp\/v2\/pages"}],"about":[{"href":"https:\/\/ersoy-ersoy.av.tr\/en\/wp-json\/wp\/v2\/types\/page"}],"author":[{"embeddable":true,"href":"https:\/\/ersoy-ersoy.av.tr\/en\/wp-json\/wp\/v2\/users\/1"}],"replies":[{"embeddable":true,"href":"https:\/\/ersoy-ersoy.av.tr\/en\/wp-json\/wp\/v2\/comments?post=5156"}],"version-history":[{"count":10,"href":"https:\/\/ersoy-ersoy.av.tr\/en\/wp-json\/wp\/v2\/pages\/5156\/revisions"}],"predecessor-version":[{"id":5297,"href":"https:\/\/ersoy-ersoy.av.tr\/en\/wp-json\/wp\/v2\/pages\/5156\/revisions\/5297"}],"wp:attachment":[{"href":"https:\/\/ersoy-ersoy.av.tr\/en\/wp-json\/wp\/v2\/media?parent=5156"}],"curies":[{"name":"wp","href":"https:\/\/api.w.org\/{rel}","templated":true}]}}