{"id":5154,"date":"2021-10-22T13:32:39","date_gmt":"2021-10-22T13:32:39","guid":{"rendered":"http:\/\/ersoy-ersoy.av.tr\/covid-19-etkisi\/"},"modified":"2021-12-09T12:01:10","modified_gmt":"2021-12-09T12:01:10","slug":"impact-of-covid-19","status":"publish","type":"page","link":"https:\/\/ersoy-ersoy.av.tr\/en\/impact-of-covid-19\/","title":{"rendered":"IMPACT OF COVID-19"},"content":{"rendered":"\t\t<div data-elementor-type=\"wp-page\" data-elementor-id=\"5154\" class=\"elementor elementor-5154 elementor-3912\">\n\t\t\t\t\t\t\t\t\t<section class=\"elementor-section elementor-top-section elementor-element elementor-element-7ff1d17 elementor-section-stretched elementor-section-full_width elementor-section-height-min-height elementor-section-height-default elementor-section-items-middle\" data-id=\"7ff1d17\" data-element_type=\"section\" data-settings=\"{&quot;stretch_section&quot;:&quot;section-stretched&quot;,&quot;background_background&quot;:&quot;classic&quot;}\">\n\t\t\t\t\t\t\t<div class=\"elementor-background-overlay\"><\/div>\n\t\t\t\t\t\t\t<div class=\"elementor-container elementor-column-gap-default\">\n\t\t\t\t\t<div class=\"elementor-column elementor-col-100 elementor-top-column elementor-element elementor-element-4d00f69\" data-id=\"4d00f69\" data-element_type=\"column\">\n\t\t\t<div class=\"elementor-widget-wrap elementor-element-populated\">\n\t\t\t\t\t\t\t\t<div class=\"elementor-element elementor-element-ebd141b elementor-widget elementor-widget-heading\" data-id=\"ebd141b\" data-element_type=\"widget\" data-widget_type=\"heading.default\">\n\t\t\t\t<div class=\"elementor-widget-container\">\n\t\t\t<h1 class=\"elementor-heading-title elementor-size-default\">IMPACT OF COVID-19<\/h1>\t\t<\/div>\n\t\t\t\t<\/div>\n\t\t\t\t\t<\/div>\n\t\t<\/div>\n\t\t\t\t\t\t\t<\/div>\n\t\t<\/section>\n\t\t\t\t<section class=\"elementor-section elementor-top-section elementor-element elementor-element-522a8517 elementor-section-boxed elementor-section-height-default elementor-section-height-default\" data-id=\"522a8517\" data-element_type=\"section\">\n\t\t\t\t\t\t<div class=\"elementor-container elementor-column-gap-default\">\n\t\t\t\t\t<div class=\"elementor-column elementor-col-50 elementor-top-column elementor-element elementor-element-950b34c\" data-id=\"950b34c\" data-element_type=\"column\">\n\t\t\t<div class=\"elementor-widget-wrap elementor-element-populated\">\n\t\t\t\t\t\t\t\t<div class=\"elementor-element elementor-element-4023ee1 elementor-invisible elementor-widget elementor-widget-image\" data-id=\"4023ee1\" data-element_type=\"widget\" data-settings=\"{&quot;_animation&quot;:&quot;fadeInLeft&quot;}\" data-widget_type=\"image.default\">\n\t\t\t\t<div class=\"elementor-widget-container\">\n\t\t\t\t\t\t\t\t\t\t\t\t\t\t\t<img width=\"1024\" height=\"683\" src=\"https:\/\/ersoy-ersoy.av.tr\/wp-content\/uploads\/2021\/10\/hukuk-burosu-1024x683.jpg\" class=\"attachment-large size-large\" alt=\"\" loading=\"lazy\" \/>\t\t\t\t\t\t\t\t\t\t\t\t\t\t\t<\/div>\n\t\t\t\t<\/div>\n\t\t\t\t\t<\/div>\n\t\t<\/div>\n\t\t\t\t<div class=\"elementor-column elementor-col-50 elementor-top-column elementor-element elementor-element-c5064e9 elementor-invisible\" data-id=\"c5064e9\" data-element_type=\"column\" data-settings=\"{&quot;animation&quot;:&quot;fadeInRight&quot;}\">\n\t\t\t<div class=\"elementor-widget-wrap elementor-element-populated\">\n\t\t\t\t\t\t\t\t<div class=\"elementor-element elementor-element-c258db3 elementor-widget elementor-widget-heading\" data-id=\"c258db3\" data-element_type=\"widget\" data-widget_type=\"heading.default\">\n\t\t\t\t<div class=\"elementor-widget-container\">\n\t\t\t<span class=\"elementor-heading-title elementor-size-default\">In general<\/span>\t\t<\/div>\n\t\t\t\t<\/div>\n\t\t\t\t<div class=\"elementor-element elementor-element-187af8e elementor-widget elementor-widget-text-editor\" data-id=\"187af8e\" data-element_type=\"widget\" data-widget_type=\"text-editor.default\">\n\t\t\t\t<div class=\"elementor-widget-container\">\n\t\t\t\t\t\t\t<p><span style=\"font-weight: 400;\">Main factors such as the uncontrolled increase in population, environmental pollution concerning land, air, sea and even space areas, ozon layer depletion problem and international arms production race, increase concerns about the physical future of our planet, \u201cthe World\u201d.<\/span><\/p><p><span style=\"font-weight: 400;\">It is understood that the emergence of the Covid-19 pandemic is largely, if not completely, the direct result of the above-mentioned unfavorable factors that our planet has been experiencing, especially in the last 150-200 years.<\/span><\/p><p><span style=\"font-weight: 400;\">In order for positive changes to occur in this regard, human societies on our planet and their administrative systems need to follow a conscious environmental protection policy and try to protect the world from worse disasters.<\/span><\/p>\t\t\t\t\t\t<\/div>\n\t\t\t\t<\/div>\n\t\t\t\t\t<\/div>\n\t\t<\/div>\n\t\t\t\t\t\t\t<\/div>\n\t\t<\/section>\n\t\t\t\t<section class=\"elementor-section elementor-top-section elementor-element elementor-element-34b0b30 elementor-section-boxed elementor-section-height-default elementor-section-height-default elementor-invisible\" data-id=\"34b0b30\" data-element_type=\"section\" data-settings=\"{&quot;animation&quot;:&quot;fadeInRight&quot;}\">\n\t\t\t\t\t\t<div class=\"elementor-container elementor-column-gap-default\">\n\t\t\t\t\t<div class=\"elementor-column elementor-col-100 elementor-top-column elementor-element elementor-element-44b97cb\" data-id=\"44b97cb\" data-element_type=\"column\">\n\t\t\t<div class=\"elementor-widget-wrap elementor-element-populated\">\n\t\t\t\t\t\t\t\t<div class=\"elementor-element elementor-element-895b229 elementor-widget elementor-widget-text-editor\" data-id=\"895b229\" data-element_type=\"widget\" data-widget_type=\"text-editor.default\">\n\t\t\t\t<div class=\"elementor-widget-container\">\n\t\t\t\t\t\t\t<p><span style=\"font-weight: 400;\">This pandemic should be perceived as a kind of serious warning for the future of the world, and this erroneous course should be abandoned without delay and a healthier lifestyle should be returned under all aspects.<\/span><\/p><p><span style=\"font-weight: 400;\">The Covid-19 pandemic is a huge health problem, but of the two consequent categories of problems, namely a) legal problems and b) economic and financial problems, the most important is the latter.<\/span><\/p><p><span style=\"font-weight: 400;\">Almost all natural and legal persons in the world suffer and will continue to suffer negative consequences such as loss of earnings, damages, costs and expenses due to the spread of the pandemic.<\/span><\/p><p><span style=\"font-weight: 400;\">In this context, States around the world will, with well-designed systems, seek to subsidize the losses of individuals and private entities that suffer the immeasurable economic consequences caused by the epidemic, as countries with more developed economies currently do.<\/span><\/p><p><span style=\"font-weight: 400;\">The judicial system had to intervene and try to resolve disputes of a nature above all economic and financial, deriving also from relations of a legal nature, but the decisions and sentences handed down may not have a significant effect in remedying the especially financial problems arising from the impact of the epidemic, since in many cases, it would not be possible to execute these decisions due to the precarious economic situation of the contractors who lost the cases.<\/span><\/p><p><span style=\"font-weight: 400;\">However, despite all these difficulties, if this epidemic continues to spread, the Judiciary system, as well as the various crisis management systems being employed, will play a very important role in providing the legal environment that will hopefully prevent deterioration of Justice all over the world.<\/span><\/p><p><span style=\"font-weight: 400;\">In this respect, the Founder of Our Office Av. Prof. Dr. Y\u00fcksel Ersoy has prepared an article in Italian regarding the impact of the Covid-19 pandemic on the tenancy agreements in Turkey, titled \u201c<\/span><i><span style=\"font-weight: 400;\">Il Coronavirus e il Diritto delle Locazioni in Turchia<\/span><\/i><span style=\"font-weight: 400;\">\u201d, Il Bollettino AIGLI, Luglio 2020,\u00a0p. 18-20.<\/span><\/p>\t\t\t\t\t\t<\/div>\n\t\t\t\t<\/div>\n\t\t\t\t\t<\/div>\n\t\t<\/div>\n\t\t\t\t\t\t\t<\/div>\n\t\t<\/section>\n\t\t\t\t<section class=\"elementor-section elementor-top-section elementor-element elementor-element-e5163b3 elementor-reverse-mobile elementor-section-boxed elementor-section-height-default elementor-section-height-default\" data-id=\"e5163b3\" data-element_type=\"section\">\n\t\t\t\t\t\t<div class=\"elementor-container elementor-column-gap-default\">\n\t\t\t\t\t<div class=\"elementor-column elementor-col-50 elementor-top-column elementor-element elementor-element-a2e8c74 elementor-invisible\" data-id=\"a2e8c74\" data-element_type=\"column\" data-settings=\"{&quot;animation&quot;:&quot;fadeInLeft&quot;}\">\n\t\t\t<div class=\"elementor-widget-wrap elementor-element-populated\">\n\t\t\t\t\t\t\t\t<div class=\"elementor-element elementor-element-dd263a8 elementor-widget elementor-widget-heading\" data-id=\"dd263a8\" data-element_type=\"widget\" data-widget_type=\"heading.default\">\n\t\t\t\t<div class=\"elementor-widget-container\">\n\t\t\t<h2 class=\"elementor-heading-title elementor-size-default\">Regarding Our Office\u2019s Activities<\/h2>\t\t<\/div>\n\t\t\t\t<\/div>\n\t\t\t\t<div class=\"elementor-element elementor-element-f1b61d1 elementor-widget elementor-widget-text-editor\" data-id=\"f1b61d1\" data-element_type=\"widget\" data-widget_type=\"text-editor.default\">\n\t\t\t\t<div class=\"elementor-widget-container\">\n\t\t\t\t\t\t\t<p><span style=\"font-weight: 400;\">In order to ensure that the necessary rules are followed to protect against the Covid-19 pandemic and prevent its spread, we have started to implement distance meeting techniques such as Skype and Zoom instead of face-to-face meetings and attended meetings.<\/span><\/p><p><span style=\"font-weight: 400;\">In cases of needs for joint evaluation and discussion of documents we are exceptionally organizing face to face meetings with clients with sensible distancing measures in place, taking advantage of large spaces of our Office building.<\/span><\/p><p><span style=\"font-weight: 400;\">We have carried on working throughout the Covid-19 crisis after having taken all necessary precautions. Hearings at the courts have been postponed for a certain period and then were held as usual. Later on, some court hearings have been done remotely, based on the discretion of the judge. <\/span><\/p><p><span style=\"font-weight: 400;\">While we wish this pandemic that shook the whole world to come to an end as soon as possible, we also predict that as a result of this experience, significant changes are occurring and will occur in all and every aspect of the social life.<\/span><\/p>\t\t\t\t\t\t<\/div>\n\t\t\t\t<\/div>\n\t\t\t\t\t<\/div>\n\t\t<\/div>\n\t\t\t\t<div class=\"elementor-column elementor-col-50 elementor-top-column elementor-element elementor-element-43c3c6e elementor-invisible\" data-id=\"43c3c6e\" data-element_type=\"column\" data-settings=\"{&quot;animation&quot;:&quot;fadeInRight&quot;}\">\n\t\t\t<div class=\"elementor-widget-wrap elementor-element-populated\">\n\t\t\t\t\t\t\t\t<div class=\"elementor-element elementor-element-fee65ab elementor-widget elementor-widget-image\" data-id=\"fee65ab\" data-element_type=\"widget\" data-widget_type=\"image.default\">\n\t\t\t\t<div class=\"elementor-widget-container\">\n\t\t\t\t\t\t\t\t\t\t\t\t\t\t\t<img width=\"1024\" height=\"683\" src=\"https:\/\/ersoy-ersoy.av.tr\/wp-content\/uploads\/2021\/10\/ersoyhukukburosu-1024x683.jpg\" class=\"attachment-large size-large\" alt=\"\" loading=\"lazy\" \/>\t\t\t\t\t\t\t\t\t\t\t\t\t\t\t<\/div>\n\t\t\t\t<\/div>\n\t\t\t\t\t<\/div>\n\t\t<\/div>\n\t\t\t\t\t\t\t<\/div>\n\t\t<\/section>\n\t\t\t\t<section class=\"elementor-section elementor-top-section elementor-element elementor-element-cbf77e8 elementor-section-boxed elementor-section-height-default elementor-section-height-default\" data-id=\"cbf77e8\" data-element_type=\"section\">\n\t\t\t\t\t\t<div class=\"elementor-container elementor-column-gap-default\">\n\t\t\t\t\t<div class=\"elementor-column elementor-col-50 elementor-top-column elementor-element elementor-element-f9d39e5 elementor-invisible\" data-id=\"f9d39e5\" data-element_type=\"column\" data-settings=\"{&quot;animation&quot;:&quot;fadeInLeft&quot;}\">\n\t\t\t<div class=\"elementor-widget-wrap elementor-element-populated\">\n\t\t\t\t\t\t\t\t<div class=\"elementor-element elementor-element-0ac19f9 elementor-widget elementor-widget-image\" data-id=\"0ac19f9\" data-element_type=\"widget\" data-widget_type=\"image.default\">\n\t\t\t\t<div class=\"elementor-widget-container\">\n\t\t\t\t\t\t\t\t\t\t\t\t\t\t\t<img width=\"1024\" height=\"512\" src=\"https:\/\/ersoy-ersoy.av.tr\/wp-content\/uploads\/2021\/04\/hukuk-burosu-1024x512.jpg\" class=\"attachment-large size-large\" alt=\"\" loading=\"lazy\" \/>\t\t\t\t\t\t\t\t\t\t\t\t\t\t\t<\/div>\n\t\t\t\t<\/div>\n\t\t\t\t\t<\/div>\n\t\t<\/div>\n\t\t\t\t<div class=\"elementor-column elementor-col-50 elementor-top-column elementor-element elementor-element-060f31d elementor-invisible\" data-id=\"060f31d\" data-element_type=\"column\" data-settings=\"{&quot;animation&quot;:&quot;fadeInRight&quot;}\">\n\t\t\t<div class=\"elementor-widget-wrap elementor-element-populated\">\n\t\t\t\t\t\t\t\t<div class=\"elementor-element elementor-element-3a7e67a elementor-widget elementor-widget-text-editor\" data-id=\"3a7e67a\" data-element_type=\"widget\" data-widget_type=\"text-editor.default\">\n\t\t\t\t<div class=\"elementor-widget-container\">\n\t\t\t\t\t\t\t<p><span style=\"font-weight: 400;\">In parallel with this, some unforeseen changes will be inevitable in legal systems all over the world and especially in civil, criminal and administrative proceedings.<\/span><\/p><p><span style=\"font-weight: 400;\">Currently, the existence of UYAP has provided important opportunities for the application of the distance system in the submission of petitions, the notification of decisions, and attendance to the hearings and even if the epidemic disappears, it will be appropriate to further develop and implement this distance system. Our Office follows all these developments and avails itself of the opportunities that this electronic system provides. <\/span><\/p>\t\t\t\t\t\t<\/div>\n\t\t\t\t<\/div>\n\t\t\t\t\t<\/div>\n\t\t<\/div>\n\t\t\t\t\t\t\t<\/div>\n\t\t<\/section>\n\t\t\t\t\t\t\t<\/div>\n\t\t","protected":false},"excerpt":{"rendered":"<p>IMPACT OF COVID-19 In general Main factors such as the uncontrolled increase in population, environmental pollution concerning land, air, sea and even space areas, ozon layer depletion problem and international arms production race, increase concerns about the physical future of our planet, \u201cthe World\u201d. It is understood that the emergence of the Covid-19 pandemic is largely, if not completely, the &hellip;<\/p>\n","protected":false},"author":1,"featured_media":0,"parent":0,"menu_order":0,"comment_status":"closed","ping_status":"closed","template":"blank-builder.php","meta":[],"yoast_head":"<!-- This site is optimized with the Yoast SEO Premium plugin v16.9 (Yoast SEO v19.9) - https:\/\/yoast.com\/wordpress\/plugins\/seo\/ -->\n<title>IMPACT OF COVID-19 | Ersoy Hukuk B\u00fcrosu<\/title>\n<meta name=\"description\" content=\"Ersoy Hukuk B\u00fcrosu, T\u00fcrkiye\u2019de yerel ve uluslararas\u0131 \u00f6zel hukuk ve ticaret hukuku alan\u0131nda Ankara&#039;da faaliyet g\u00f6steren uzman ve deneyimli bir hukuk b\u00fcrosudur.\" \/>\n<meta name=\"robots\" content=\"index, follow, max-snippet:-1, max-image-preview:large, max-video-preview:-1\" \/>\n<link rel=\"canonical\" href=\"https:\/\/ersoy-ersoy.av.tr\/en\/impact-of-covid-19\/\" \/>\n<meta property=\"og:locale\" content=\"en_US\" \/>\n<meta property=\"og:type\" content=\"article\" \/>\n<meta property=\"og:title\" content=\"IMPACT OF COVID-19\" \/>\n<meta property=\"og:description\" content=\"Ersoy Hukuk B\u00fcrosu, T\u00fcrkiye\u2019de yerel ve uluslararas\u0131 \u00f6zel hukuk ve ticaret hukuku alan\u0131nda Ankara&#039;da faaliyet g\u00f6steren uzman ve deneyimli bir hukuk b\u00fcrosudur.\" \/>\n<meta property=\"og:url\" content=\"https:\/\/ersoy-ersoy.av.tr\/en\/impact-of-covid-19\/\" \/>\n<meta property=\"og:site_name\" content=\"Ersoy Hukuk B\u00fcrosu\" \/>\n<meta property=\"article:modified_time\" content=\"2021-12-09T12:01:10+00:00\" \/>\n<meta property=\"og:image\" content=\"http:\/\/ersoy-ersoy.av.tr\/wp-content\/uploads\/2021\/10\/hukuk-burosu-1024x683.jpg\" \/>\n<meta name=\"twitter:card\" content=\"summary_large_image\" \/>\n<meta name=\"twitter:label1\" content=\"Est. reading time\" \/>\n\t<meta name=\"twitter:data1\" content=\"3 minutes\" \/>\n<script type=\"application\/ld+json\" class=\"yoast-schema-graph\">{\"@context\":\"https:\/\/schema.org\",\"@graph\":[{\"@type\":\"WebPage\",\"@id\":\"https:\/\/ersoy-ersoy.av.tr\/en\/impact-of-covid-19\/\",\"url\":\"https:\/\/ersoy-ersoy.av.tr\/en\/impact-of-covid-19\/\",\"name\":\"IMPACT OF COVID-19 | Ersoy Hukuk B\u00fcrosu\",\"isPartOf\":{\"@id\":\"https:\/\/ersoy-ersoy.av.tr\/#website\"},\"datePublished\":\"2021-10-22T13:32:39+00:00\",\"dateModified\":\"2021-12-09T12:01:10+00:00\",\"description\":\"Ersoy Hukuk B\u00fcrosu, T\u00fcrkiye\u2019de yerel ve uluslararas\u0131 \u00f6zel hukuk ve ticaret hukuku alan\u0131nda Ankara'da faaliyet g\u00f6steren uzman ve deneyimli bir hukuk b\u00fcrosudur.\",\"breadcrumb\":{\"@id\":\"https:\/\/ersoy-ersoy.av.tr\/en\/impact-of-covid-19\/#breadcrumb\"},\"inLanguage\":\"en-US\",\"potentialAction\":[{\"@type\":\"ReadAction\",\"target\":[\"https:\/\/ersoy-ersoy.av.tr\/en\/impact-of-covid-19\/\"]}]},{\"@type\":\"BreadcrumbList\",\"@id\":\"https:\/\/ersoy-ersoy.av.tr\/en\/impact-of-covid-19\/#breadcrumb\",\"itemListElement\":[{\"@type\":\"ListItem\",\"position\":1,\"name\":\"Home\",\"item\":\"https:\/\/ersoy-ersoy.av.tr\/en\/\"},{\"@type\":\"ListItem\",\"position\":2,\"name\":\"IMPACT OF COVID-19\"}]},{\"@type\":\"WebSite\",\"@id\":\"https:\/\/ersoy-ersoy.av.tr\/#website\",\"url\":\"https:\/\/ersoy-ersoy.av.tr\/\",\"name\":\"Ersoy Hukuk B\u00fcrosu\",\"description\":\"Ankara Avukatl\u0131k Hizmetleri\",\"publisher\":{\"@id\":\"https:\/\/ersoy-ersoy.av.tr\/#organization\"},\"potentialAction\":[{\"@type\":\"SearchAction\",\"target\":{\"@type\":\"EntryPoint\",\"urlTemplate\":\"https:\/\/ersoy-ersoy.av.tr\/?s={search_term_string}\"},\"query-input\":\"required name=search_term_string\"}],\"inLanguage\":\"en-US\"},{\"@type\":\"Organization\",\"@id\":\"https:\/\/ersoy-ersoy.av.tr\/#organization\",\"name\":\"Ersoy Hukuk B\u00fcrosu\",\"url\":\"https:\/\/ersoy-ersoy.av.tr\/\",\"logo\":{\"@type\":\"ImageObject\",\"inLanguage\":\"en-US\",\"@id\":\"https:\/\/ersoy-ersoy.av.tr\/#\/schema\/logo\/image\/\",\"url\":\"https:\/\/ersoy-ersoy.av.tr\/wp-content\/uploads\/2021\/04\/ersoy-hukuk-burosu-Logo.png\",\"contentUrl\":\"https:\/\/ersoy-ersoy.av.tr\/wp-content\/uploads\/2021\/04\/ersoy-hukuk-burosu-Logo.png\",\"width\":400,\"height\":48,\"caption\":\"Ersoy Hukuk B\u00fcrosu\"},\"image\":{\"@id\":\"https:\/\/ersoy-ersoy.av.tr\/#\/schema\/logo\/image\/\"}}]}<\/script>\n<!-- \/ Yoast SEO Premium plugin. -->","yoast_head_json":{"title":"IMPACT OF COVID-19 | Ersoy Hukuk B\u00fcrosu","description":"Ersoy Hukuk B\u00fcrosu, T\u00fcrkiye\u2019de yerel ve uluslararas\u0131 \u00f6zel hukuk ve ticaret hukuku alan\u0131nda Ankara'da faaliyet g\u00f6steren uzman ve deneyimli bir hukuk b\u00fcrosudur.","robots":{"index":"index","follow":"follow","max-snippet":"max-snippet:-1","max-image-preview":"max-image-preview:large","max-video-preview":"max-video-preview:-1"},"canonical":"https:\/\/ersoy-ersoy.av.tr\/en\/impact-of-covid-19\/","og_locale":"en_US","og_type":"article","og_title":"IMPACT OF COVID-19","og_description":"Ersoy Hukuk B\u00fcrosu, T\u00fcrkiye\u2019de yerel ve uluslararas\u0131 \u00f6zel hukuk ve ticaret hukuku alan\u0131nda Ankara'da faaliyet g\u00f6steren uzman ve deneyimli bir hukuk b\u00fcrosudur.","og_url":"https:\/\/ersoy-ersoy.av.tr\/en\/impact-of-covid-19\/","og_site_name":"Ersoy Hukuk B\u00fcrosu","article_modified_time":"2021-12-09T12:01:10+00:00","og_image":[{"url":"http:\/\/ersoy-ersoy.av.tr\/wp-content\/uploads\/2021\/10\/hukuk-burosu-1024x683.jpg"}],"twitter_card":"summary_large_image","twitter_misc":{"Est. reading time":"3 minutes"},"schema":{"@context":"https:\/\/schema.org","@graph":[{"@type":"WebPage","@id":"https:\/\/ersoy-ersoy.av.tr\/en\/impact-of-covid-19\/","url":"https:\/\/ersoy-ersoy.av.tr\/en\/impact-of-covid-19\/","name":"IMPACT OF COVID-19 | Ersoy Hukuk B\u00fcrosu","isPartOf":{"@id":"https:\/\/ersoy-ersoy.av.tr\/#website"},"datePublished":"2021-10-22T13:32:39+00:00","dateModified":"2021-12-09T12:01:10+00:00","description":"Ersoy Hukuk B\u00fcrosu, T\u00fcrkiye\u2019de yerel ve uluslararas\u0131 \u00f6zel hukuk ve ticaret hukuku alan\u0131nda Ankara'da faaliyet g\u00f6steren uzman ve deneyimli bir hukuk b\u00fcrosudur.","breadcrumb":{"@id":"https:\/\/ersoy-ersoy.av.tr\/en\/impact-of-covid-19\/#breadcrumb"},"inLanguage":"en-US","potentialAction":[{"@type":"ReadAction","target":["https:\/\/ersoy-ersoy.av.tr\/en\/impact-of-covid-19\/"]}]},{"@type":"BreadcrumbList","@id":"https:\/\/ersoy-ersoy.av.tr\/en\/impact-of-covid-19\/#breadcrumb","itemListElement":[{"@type":"ListItem","position":1,"name":"Home","item":"https:\/\/ersoy-ersoy.av.tr\/en\/"},{"@type":"ListItem","position":2,"name":"IMPACT OF COVID-19"}]},{"@type":"WebSite","@id":"https:\/\/ersoy-ersoy.av.tr\/#website","url":"https:\/\/ersoy-ersoy.av.tr\/","name":"Ersoy Hukuk B\u00fcrosu","description":"Ankara Avukatl\u0131k Hizmetleri","publisher":{"@id":"https:\/\/ersoy-ersoy.av.tr\/#organization"},"potentialAction":[{"@type":"SearchAction","target":{"@type":"EntryPoint","urlTemplate":"https:\/\/ersoy-ersoy.av.tr\/?s={search_term_string}"},"query-input":"required name=search_term_string"}],"inLanguage":"en-US"},{"@type":"Organization","@id":"https:\/\/ersoy-ersoy.av.tr\/#organization","name":"Ersoy Hukuk B\u00fcrosu","url":"https:\/\/ersoy-ersoy.av.tr\/","logo":{"@type":"ImageObject","inLanguage":"en-US","@id":"https:\/\/ersoy-ersoy.av.tr\/#\/schema\/logo\/image\/","url":"https:\/\/ersoy-ersoy.av.tr\/wp-content\/uploads\/2021\/04\/ersoy-hukuk-burosu-Logo.png","contentUrl":"https:\/\/ersoy-ersoy.av.tr\/wp-content\/uploads\/2021\/04\/ersoy-hukuk-burosu-Logo.png","width":400,"height":48,"caption":"Ersoy Hukuk B\u00fcrosu"},"image":{"@id":"https:\/\/ersoy-ersoy.av.tr\/#\/schema\/logo\/image\/"}}]}},"_links":{"self":[{"href":"https:\/\/ersoy-ersoy.av.tr\/en\/wp-json\/wp\/v2\/pages\/5154"}],"collection":[{"href":"https:\/\/ersoy-ersoy.av.tr\/en\/wp-json\/wp\/v2\/pages"}],"about":[{"href":"https:\/\/ersoy-ersoy.av.tr\/en\/wp-json\/wp\/v2\/types\/page"}],"author":[{"embeddable":true,"href":"https:\/\/ersoy-ersoy.av.tr\/en\/wp-json\/wp\/v2\/users\/1"}],"replies":[{"embeddable":true,"href":"https:\/\/ersoy-ersoy.av.tr\/en\/wp-json\/wp\/v2\/comments?post=5154"}],"version-history":[{"count":16,"href":"https:\/\/ersoy-ersoy.av.tr\/en\/wp-json\/wp\/v2\/pages\/5154\/revisions"}],"predecessor-version":[{"id":5314,"href":"https:\/\/ersoy-ersoy.av.tr\/en\/wp-json\/wp\/v2\/pages\/5154\/revisions\/5314"}],"wp:attachment":[{"href":"https:\/\/ersoy-ersoy.av.tr\/en\/wp-json\/wp\/v2\/media?parent=5154"}],"curies":[{"name":"wp","href":"https:\/\/api.w.org\/{rel}","templated":true}]}}