{"id":5145,"date":"2021-11-23T11:43:03","date_gmt":"2021-11-23T11:43:03","guid":{"rendered":"http:\/\/ersoy-ersoy.av.tr\/is-birliklerimiz\/"},"modified":"2021-12-09T12:06:39","modified_gmt":"2021-12-09T12:06:39","slug":"our-collaborations","status":"publish","type":"page","link":"https:\/\/ersoy-ersoy.av.tr\/en\/our-collaborations\/","title":{"rendered":"OUR COLLABORATIONS"},"content":{"rendered":"\t\t<div data-elementor-type=\"wp-page\" data-elementor-id=\"5145\" class=\"elementor elementor-5145 elementor-4552\">\n\t\t\t\t\t\t\t\t\t<section class=\"elementor-section elementor-top-section elementor-element elementor-element-2330905 elementor-section-stretched elementor-section-full_width elementor-section-height-min-height elementor-section-height-default elementor-section-items-middle\" data-id=\"2330905\" data-element_type=\"section\" data-settings=\"{&quot;stretch_section&quot;:&quot;section-stretched&quot;,&quot;background_background&quot;:&quot;classic&quot;}\">\n\t\t\t\t\t\t\t<div class=\"elementor-background-overlay\"><\/div>\n\t\t\t\t\t\t\t<div class=\"elementor-container elementor-column-gap-default\">\n\t\t\t\t\t<div class=\"elementor-column elementor-col-100 elementor-top-column elementor-element elementor-element-7b47afa\" data-id=\"7b47afa\" data-element_type=\"column\">\n\t\t\t<div class=\"elementor-widget-wrap elementor-element-populated\">\n\t\t\t\t\t\t\t\t<div class=\"elementor-element elementor-element-aa6063e elementor-widget elementor-widget-heading\" data-id=\"aa6063e\" data-element_type=\"widget\" data-widget_type=\"heading.default\">\n\t\t\t\t<div class=\"elementor-widget-container\">\n\t\t\t<h1 class=\"elementor-heading-title elementor-size-default\">OUR COLLABORATIONS<\/h1>\t\t<\/div>\n\t\t\t\t<\/div>\n\t\t\t\t\t<\/div>\n\t\t<\/div>\n\t\t\t\t\t\t\t<\/div>\n\t\t<\/section>\n\t\t\t\t<section class=\"elementor-section elementor-top-section elementor-element elementor-element-522a8517 elementor-section-boxed elementor-section-height-default elementor-section-height-default\" data-id=\"522a8517\" data-element_type=\"section\">\n\t\t\t\t\t\t<div class=\"elementor-container elementor-column-gap-default\">\n\t\t\t\t\t<div class=\"elementor-column elementor-col-50 elementor-top-column elementor-element elementor-element-950b34c\" data-id=\"950b34c\" data-element_type=\"column\">\n\t\t\t<div class=\"elementor-widget-wrap elementor-element-populated\">\n\t\t\t\t\t\t\t\t<div class=\"elementor-element elementor-element-4023ee1 elementor-invisible elementor-widget elementor-widget-image\" data-id=\"4023ee1\" data-element_type=\"widget\" data-settings=\"{&quot;_animation&quot;:&quot;fadeInLeft&quot;}\" data-widget_type=\"image.default\">\n\t\t\t\t<div class=\"elementor-widget-container\">\n\t\t\t\t\t\t\t\t\t\t\t\t\t\t\t<img width=\"1200\" height=\"1370\" src=\"https:\/\/ersoy-ersoy.av.tr\/wp-content\/uploads\/2021\/11\/hukukburosu-ankara.jpg\" class=\"attachment-full size-full\" alt=\"\" loading=\"lazy\" \/>\t\t\t\t\t\t\t\t\t\t\t\t\t\t\t<\/div>\n\t\t\t\t<\/div>\n\t\t\t\t\t<\/div>\n\t\t<\/div>\n\t\t\t\t<div class=\"elementor-column elementor-col-50 elementor-top-column elementor-element elementor-element-c5064e9 elementor-invisible\" data-id=\"c5064e9\" data-element_type=\"column\" data-settings=\"{&quot;animation&quot;:&quot;fadeInRight&quot;}\">\n\t\t\t<div class=\"elementor-widget-wrap elementor-element-populated\">\n\t\t\t\t\t\t\t\t<div class=\"elementor-element elementor-element-187af8e elementor-widget elementor-widget-text-editor\" data-id=\"187af8e\" data-element_type=\"widget\" data-widget_type=\"text-editor.default\">\n\t\t\t\t<div class=\"elementor-widget-container\">\n\t\t\t\t\t\t\t<p><span style=\"font-weight: 400;\">As Ersoy Law Firm, we are aware of the need of our Clients, who are legal or real persons, to obtain legal support quickly and effectively in different cities across Turkey. <\/span><\/p><p><span style=\"font-weight: 400;\">We also know that it is difficult to get legal support from different law offices in the different cities and business centers at the same service and quality understanding.<\/span>.<\/p><p><span style=\"font-weight: 400;\">For this reason, Ersoy Law Office collaborates, when necessary, with \u00c7ukur &amp; Partners Law Firm, which was established in Izmir which we believe to have the same service and quality understanding as our Office, and other domestic and foreign Offices that collaborate with this Firm in order to bring legal solutions to its Clients outside the city of Ankara, where our office is located. <\/span><\/p>\t\t\t\t\t\t<\/div>\n\t\t\t\t<\/div>\n\t\t\t\t<div class=\"elementor-element elementor-element-1c746d9 elementor-widget elementor-widget-button\" data-id=\"1c746d9\" data-element_type=\"widget\" data-widget_type=\"button.default\">\n\t\t\t\t<div class=\"elementor-widget-container\">\n\t\t\t\t\t<div class=\"elementor-button-wrapper\">\n\t\t\t<a href=\"https:\/\/cukurpartners.com\/cukur-yilmaz-alliance\/%20%20\" target=\"_blank\" class=\"elementor-button-link elementor-button elementor-size-sm\" role=\"button\">\n\t\t\t\t\t\t<span class=\"elementor-button-content-wrapper\">\n\t\t\t\t\t\t\t<span class=\"elementor-button-icon elementor-align-icon-right\">\n\t\t\t\t<i aria-hidden=\"true\" class=\"fas fa-angle-right\"><\/i>\t\t\t<\/span>\n\t\t\t\t\t\t<span class=\"elementor-button-text\">For more information:<\/span>\n\t\t<\/span>\n\t\t\t\t\t<\/a>\n\t\t<\/div>\n\t\t\t\t<\/div>\n\t\t\t\t<\/div>\n\t\t\t\t\t<\/div>\n\t\t<\/div>\n\t\t\t\t\t\t\t<\/div>\n\t\t<\/section>\n\t\t\t\t\t\t\t<\/div>\n\t\t","protected":false},"excerpt":{"rendered":"<p>OUR COLLABORATIONS As Ersoy Law Firm, we are aware of the need of our Clients, who are legal or real persons, to obtain legal support quickly and effectively in different cities across Turkey. We also know that it is difficult to get legal support from different law offices in the different cities and business centers at the same service and &hellip;<\/p>\n","protected":false},"author":1,"featured_media":0,"parent":0,"menu_order":0,"comment_status":"closed","ping_status":"closed","template":"blank-builder.php","meta":[],"yoast_head":"<!-- This site is optimized with the Yoast SEO Premium plugin v16.9 (Yoast SEO v19.9) - https:\/\/yoast.com\/wordpress\/plugins\/seo\/ -->\n<title>OUR COLLABORATIONS | Ersoy Hukuk B\u00fcrosu<\/title>\n<meta name=\"description\" content=\"Ersoy Hukuk B\u00fcrosu, T\u00fcrkiye\u2019de yerel ve uluslararas\u0131 \u00f6zel hukuk ve ticaret hukuku alan\u0131nda Ankara&#039;da faaliyet g\u00f6steren uzman ve deneyimli bir hukuk b\u00fcrosudur.\" \/>\n<meta name=\"robots\" content=\"index, follow, max-snippet:-1, max-image-preview:large, max-video-preview:-1\" \/>\n<link rel=\"canonical\" href=\"https:\/\/ersoy-ersoy.av.tr\/en\/our-collaborations\/\" \/>\n<meta property=\"og:locale\" content=\"en_US\" \/>\n<meta property=\"og:type\" content=\"article\" \/>\n<meta property=\"og:title\" content=\"OUR COLLABORATIONS\" \/>\n<meta property=\"og:description\" content=\"Ersoy Hukuk B\u00fcrosu, T\u00fcrkiye\u2019de yerel ve uluslararas\u0131 \u00f6zel hukuk ve ticaret hukuku alan\u0131nda Ankara&#039;da faaliyet g\u00f6steren uzman ve deneyimli bir hukuk b\u00fcrosudur.\" \/>\n<meta property=\"og:url\" content=\"https:\/\/ersoy-ersoy.av.tr\/en\/our-collaborations\/\" \/>\n<meta property=\"og:site_name\" content=\"Ersoy Hukuk B\u00fcrosu\" \/>\n<meta property=\"article:modified_time\" content=\"2021-12-09T12:06:39+00:00\" \/>\n<meta property=\"og:image\" content=\"http:\/\/ersoy-ersoy.av.tr\/wp-content\/uploads\/2021\/11\/hukukburosu-ankara.jpg\" \/>\n<meta name=\"twitter:card\" content=\"summary_large_image\" \/>\n<meta name=\"twitter:label1\" content=\"Est. reading time\" \/>\n\t<meta name=\"twitter:data1\" content=\"1 minute\" \/>\n<script type=\"application\/ld+json\" class=\"yoast-schema-graph\">{\"@context\":\"https:\/\/schema.org\",\"@graph\":[{\"@type\":\"WebPage\",\"@id\":\"https:\/\/ersoy-ersoy.av.tr\/en\/our-collaborations\/\",\"url\":\"https:\/\/ersoy-ersoy.av.tr\/en\/our-collaborations\/\",\"name\":\"OUR COLLABORATIONS | Ersoy Hukuk B\u00fcrosu\",\"isPartOf\":{\"@id\":\"https:\/\/ersoy-ersoy.av.tr\/#website\"},\"datePublished\":\"2021-11-23T11:43:03+00:00\",\"dateModified\":\"2021-12-09T12:06:39+00:00\",\"description\":\"Ersoy Hukuk B\u00fcrosu, T\u00fcrkiye\u2019de yerel ve uluslararas\u0131 \u00f6zel hukuk ve ticaret hukuku alan\u0131nda Ankara'da faaliyet g\u00f6steren uzman ve deneyimli bir hukuk b\u00fcrosudur.\",\"breadcrumb\":{\"@id\":\"https:\/\/ersoy-ersoy.av.tr\/en\/our-collaborations\/#breadcrumb\"},\"inLanguage\":\"en-US\",\"potentialAction\":[{\"@type\":\"ReadAction\",\"target\":[\"https:\/\/ersoy-ersoy.av.tr\/en\/our-collaborations\/\"]}]},{\"@type\":\"BreadcrumbList\",\"@id\":\"https:\/\/ersoy-ersoy.av.tr\/en\/our-collaborations\/#breadcrumb\",\"itemListElement\":[{\"@type\":\"ListItem\",\"position\":1,\"name\":\"Home\",\"item\":\"https:\/\/ersoy-ersoy.av.tr\/en\/\"},{\"@type\":\"ListItem\",\"position\":2,\"name\":\"OUR COLLABORATIONS\"}]},{\"@type\":\"WebSite\",\"@id\":\"https:\/\/ersoy-ersoy.av.tr\/#website\",\"url\":\"https:\/\/ersoy-ersoy.av.tr\/\",\"name\":\"Ersoy Hukuk B\u00fcrosu\",\"description\":\"Ankara Avukatl\u0131k Hizmetleri\",\"publisher\":{\"@id\":\"https:\/\/ersoy-ersoy.av.tr\/#organization\"},\"potentialAction\":[{\"@type\":\"SearchAction\",\"target\":{\"@type\":\"EntryPoint\",\"urlTemplate\":\"https:\/\/ersoy-ersoy.av.tr\/?s={search_term_string}\"},\"query-input\":\"required name=search_term_string\"}],\"inLanguage\":\"en-US\"},{\"@type\":\"Organization\",\"@id\":\"https:\/\/ersoy-ersoy.av.tr\/#organization\",\"name\":\"Ersoy Hukuk B\u00fcrosu\",\"url\":\"https:\/\/ersoy-ersoy.av.tr\/\",\"logo\":{\"@type\":\"ImageObject\",\"inLanguage\":\"en-US\",\"@id\":\"https:\/\/ersoy-ersoy.av.tr\/#\/schema\/logo\/image\/\",\"url\":\"https:\/\/ersoy-ersoy.av.tr\/wp-content\/uploads\/2021\/04\/ersoy-hukuk-burosu-Logo.png\",\"contentUrl\":\"https:\/\/ersoy-ersoy.av.tr\/wp-content\/uploads\/2021\/04\/ersoy-hukuk-burosu-Logo.png\",\"width\":400,\"height\":48,\"caption\":\"Ersoy Hukuk B\u00fcrosu\"},\"image\":{\"@id\":\"https:\/\/ersoy-ersoy.av.tr\/#\/schema\/logo\/image\/\"}}]}<\/script>\n<!-- \/ Yoast SEO Premium plugin. -->","yoast_head_json":{"title":"OUR COLLABORATIONS | Ersoy Hukuk B\u00fcrosu","description":"Ersoy Hukuk B\u00fcrosu, T\u00fcrkiye\u2019de yerel ve uluslararas\u0131 \u00f6zel hukuk ve ticaret hukuku alan\u0131nda Ankara'da faaliyet g\u00f6steren uzman ve deneyimli bir hukuk b\u00fcrosudur.","robots":{"index":"index","follow":"follow","max-snippet":"max-snippet:-1","max-image-preview":"max-image-preview:large","max-video-preview":"max-video-preview:-1"},"canonical":"https:\/\/ersoy-ersoy.av.tr\/en\/our-collaborations\/","og_locale":"en_US","og_type":"article","og_title":"OUR COLLABORATIONS","og_description":"Ersoy Hukuk B\u00fcrosu, T\u00fcrkiye\u2019de yerel ve uluslararas\u0131 \u00f6zel hukuk ve ticaret hukuku alan\u0131nda Ankara'da faaliyet g\u00f6steren uzman ve deneyimli bir hukuk b\u00fcrosudur.","og_url":"https:\/\/ersoy-ersoy.av.tr\/en\/our-collaborations\/","og_site_name":"Ersoy Hukuk B\u00fcrosu","article_modified_time":"2021-12-09T12:06:39+00:00","og_image":[{"url":"http:\/\/ersoy-ersoy.av.tr\/wp-content\/uploads\/2021\/11\/hukukburosu-ankara.jpg"}],"twitter_card":"summary_large_image","twitter_misc":{"Est. reading time":"1 minute"},"schema":{"@context":"https:\/\/schema.org","@graph":[{"@type":"WebPage","@id":"https:\/\/ersoy-ersoy.av.tr\/en\/our-collaborations\/","url":"https:\/\/ersoy-ersoy.av.tr\/en\/our-collaborations\/","name":"OUR COLLABORATIONS | Ersoy Hukuk B\u00fcrosu","isPartOf":{"@id":"https:\/\/ersoy-ersoy.av.tr\/#website"},"datePublished":"2021-11-23T11:43:03+00:00","dateModified":"2021-12-09T12:06:39+00:00","description":"Ersoy Hukuk B\u00fcrosu, T\u00fcrkiye\u2019de yerel ve uluslararas\u0131 \u00f6zel hukuk ve ticaret hukuku alan\u0131nda Ankara'da faaliyet g\u00f6steren uzman ve deneyimli bir hukuk b\u00fcrosudur.","breadcrumb":{"@id":"https:\/\/ersoy-ersoy.av.tr\/en\/our-collaborations\/#breadcrumb"},"inLanguage":"en-US","potentialAction":[{"@type":"ReadAction","target":["https:\/\/ersoy-ersoy.av.tr\/en\/our-collaborations\/"]}]},{"@type":"BreadcrumbList","@id":"https:\/\/ersoy-ersoy.av.tr\/en\/our-collaborations\/#breadcrumb","itemListElement":[{"@type":"ListItem","position":1,"name":"Home","item":"https:\/\/ersoy-ersoy.av.tr\/en\/"},{"@type":"ListItem","position":2,"name":"OUR COLLABORATIONS"}]},{"@type":"WebSite","@id":"https:\/\/ersoy-ersoy.av.tr\/#website","url":"https:\/\/ersoy-ersoy.av.tr\/","name":"Ersoy Hukuk B\u00fcrosu","description":"Ankara Avukatl\u0131k Hizmetleri","publisher":{"@id":"https:\/\/ersoy-ersoy.av.tr\/#organization"},"potentialAction":[{"@type":"SearchAction","target":{"@type":"EntryPoint","urlTemplate":"https:\/\/ersoy-ersoy.av.tr\/?s={search_term_string}"},"query-input":"required name=search_term_string"}],"inLanguage":"en-US"},{"@type":"Organization","@id":"https:\/\/ersoy-ersoy.av.tr\/#organization","name":"Ersoy Hukuk B\u00fcrosu","url":"https:\/\/ersoy-ersoy.av.tr\/","logo":{"@type":"ImageObject","inLanguage":"en-US","@id":"https:\/\/ersoy-ersoy.av.tr\/#\/schema\/logo\/image\/","url":"https:\/\/ersoy-ersoy.av.tr\/wp-content\/uploads\/2021\/04\/ersoy-hukuk-burosu-Logo.png","contentUrl":"https:\/\/ersoy-ersoy.av.tr\/wp-content\/uploads\/2021\/04\/ersoy-hukuk-burosu-Logo.png","width":400,"height":48,"caption":"Ersoy Hukuk B\u00fcrosu"},"image":{"@id":"https:\/\/ersoy-ersoy.av.tr\/#\/schema\/logo\/image\/"}}]}},"_links":{"self":[{"href":"https:\/\/ersoy-ersoy.av.tr\/en\/wp-json\/wp\/v2\/pages\/5145"}],"collection":[{"href":"https:\/\/ersoy-ersoy.av.tr\/en\/wp-json\/wp\/v2\/pages"}],"about":[{"href":"https:\/\/ersoy-ersoy.av.tr\/en\/wp-json\/wp\/v2\/types\/page"}],"author":[{"embeddable":true,"href":"https:\/\/ersoy-ersoy.av.tr\/en\/wp-json\/wp\/v2\/users\/1"}],"replies":[{"embeddable":true,"href":"https:\/\/ersoy-ersoy.av.tr\/en\/wp-json\/wp\/v2\/comments?post=5145"}],"version-history":[{"count":13,"href":"https:\/\/ersoy-ersoy.av.tr\/en\/wp-json\/wp\/v2\/pages\/5145\/revisions"}],"predecessor-version":[{"id":5328,"href":"https:\/\/ersoy-ersoy.av.tr\/en\/wp-json\/wp\/v2\/pages\/5145\/revisions\/5328"}],"wp:attachment":[{"href":"https:\/\/ersoy-ersoy.av.tr\/en\/wp-json\/wp\/v2\/media?parent=5145"}],"curies":[{"name":"wp","href":"https:\/\/api.w.org\/{rel}","templated":true}]}}